{"id":843,"date":"2019-11-16T11:56:45","date_gmt":"2019-11-16T11:56:45","guid":{"rendered":"https:\/\/travexxxuras.com\/sexshop\/?post_type=product&#038;p=843"},"modified":"2023-03-07T15:49:32","modified_gmt":"2023-03-07T15:49:32","slug":"brocha-china","status":"publish","type":"product","link":"https:\/\/travexxxuras.com\/sexshop\/producto\/brocha-china\/","title":{"rendered":"Brocha China Original"},"content":{"rendered":"<div class=\"separator\"><b>\u00bfC\u00f3mo funciona la brocha china?<\/b><\/div>\n<div class=\"separator\">Simplemente se aplica de 15 a 20 minutos antes de tener una relaci\u00f3n intima en la parte del glande principalmente y parte del cuerpo del miembro viril. Se recomienda lavarse antes de la penetraci\u00f3n o del sexo oral, no disminuye el efecto, y listo usted esta listo para tener una relaci\u00f3n prolongada sin temor a la eyaculaci\u00f3n precoz.<\/div>\n<div class=\"separator\"><\/div>\n","protected":false},"excerpt":{"rendered":"<p>Simplemente se aplica de 15 a 20 minutos antes de tener una relaci\u00f3n intima en la parte del glande principalmente y parte del cuerpo del miembro viril. Se recomienda lavarse antes de la penetraci\u00f3n o del sexo oral, no disminuye el efecto, y listo usted esta listo para tener una relaci\u00f3n prolongada sin temor a la eyaculaci\u00f3n precoz.<\/p>\n","protected":false},"featured_media":867,"comment_status":"closed","ping_status":"closed","template":"","meta":[],"_links":{"self":[{"href":"https:\/\/travexxxuras.com\/sexshop\/wp-json\/wp\/v2\/product\/843"}],"collection":[{"href":"https:\/\/travexxxuras.com\/sexshop\/wp-json\/wp\/v2\/product"}],"about":[{"href":"https:\/\/travexxxuras.com\/sexshop\/wp-json\/wp\/v2\/types\/product"}],"replies":[{"embeddable":true,"href":"https:\/\/travexxxuras.com\/sexshop\/wp-json\/wp\/v2\/comments?post=843"}],"wp:featuredmedia":[{"embeddable":true,"href":"https:\/\/travexxxuras.com\/sexshop\/wp-json\/wp\/v2\/media\/867"}],"wp:attachment":[{"href":"https:\/\/travexxxuras.com\/sexshop\/wp-json\/wp\/v2\/media?parent=843"}],"curies":[{"name":"wp","href":"https:\/\/api.w.org\/{rel}","templated":true}]}}