{"id":703,"date":"2018-07-13T01:39:26","date_gmt":"2018-07-13T01:39:26","guid":{"rendered":"http:\/\/travexxxuras.com\/sexshop\/?post_type=product&#038;p=703"},"modified":"2019-01-09T23:35:01","modified_gmt":"2019-01-09T23:35:01","slug":"luv-bunny","status":"publish","type":"product","link":"https:\/\/travexxxuras.com\/sexshop\/producto\/luv-bunny\/","title":{"rendered":"Luv Bunny"},"content":{"rendered":"<p>Perfecto para principiantes, esta silicona ultra suave Neon Luv Bunny ofrece vibraciones de varias velocidades poderosamente satisfactorias con solo presionar un bot\u00f3n. Las parpadeantes orejas hacen cosquillas y provocan zonas er\u00f3genas sensibles, mientras que la punta de la nariz del conejito proporciona una estimulaci\u00f3n placentera. \u00a1Pru\u00e9balo en el spa o la ducha y convi\u00e9rtete en un momento de placer!<\/p>\n","protected":false},"excerpt":{"rendered":"<p>Perfecto para principiantes, esta silicona ultra suave Neon Luv Bunny ofrece vibraciones de varias velocidades poderosamente satisfactorias con solo presionar un bot\u00f3n. Las parpadeantes orejas hacen cosquillas y provocan zonas er\u00f3genas sensibles, mientras que la punta de la nariz del conejito proporciona una estimulaci\u00f3n placentera. \u00a1Pru\u00e9balo en el spa o la ducha y convi\u00e9rtete en un momento de placer!<br \/>\n<img src=\"https:\/\/travexxxuras.com\/sexshop\/wp-content\/themes\/storefront\/images\/pagos.png\" \/><\/p>\n","protected":false},"featured_media":706,"comment_status":"closed","ping_status":"closed","template":"","meta":[],"_links":{"self":[{"href":"https:\/\/travexxxuras.com\/sexshop\/wp-json\/wp\/v2\/product\/703"}],"collection":[{"href":"https:\/\/travexxxuras.com\/sexshop\/wp-json\/wp\/v2\/product"}],"about":[{"href":"https:\/\/travexxxuras.com\/sexshop\/wp-json\/wp\/v2\/types\/product"}],"replies":[{"embeddable":true,"href":"https:\/\/travexxxuras.com\/sexshop\/wp-json\/wp\/v2\/comments?post=703"}],"wp:featuredmedia":[{"embeddable":true,"href":"https:\/\/travexxxuras.com\/sexshop\/wp-json\/wp\/v2\/media\/706"}],"wp:attachment":[{"href":"https:\/\/travexxxuras.com\/sexshop\/wp-json\/wp\/v2\/media?parent=703"}],"curies":[{"name":"wp","href":"https:\/\/api.w.org\/{rel}","templated":true}]}}