{"id":593,"date":"2018-06-07T01:06:06","date_gmt":"2018-06-07T01:06:06","guid":{"rendered":"http:\/\/travexxxuras.com\/sexshop\/?post_type=product&#038;p=593"},"modified":"2019-01-09T23:29:35","modified_gmt":"2019-01-09T23:29:35","slug":"luxe-be-me-3-black","status":"publish","type":"product","link":"https:\/\/travexxxuras.com\/sexshop\/producto\/luxe-be-me-3-black\/","title":{"rendered":"Luxe &#8211; Be Me 3 &#8211; Black"},"content":{"rendered":"<p>\u00a1La esbelta forma de Be Me 3 fue dise\u00f1ada para el placer anal definitivo! La forma \u00fanica de Be Me 3 es flexible y contorneada para una experiencia de placer superior. Creado a partir de silic\u00f3n puro y 100% seguro para el cuerpo. \u00a1Usa Be Me 3 donde quieras! El manejo EZ hace que el juego anal sea f\u00e1cil y c\u00f3modo. \u00a1El mango EZ es suave, flexible y se adapta a tu agarre!<\/p>\n<p>\u2022 PLATINUM SILICONE: Be Me 3 se cre\u00f3 a partir de silicona curada con platino puro puro. \u00a1Su acabado satinado suave seguramente te complacer\u00e1!<br \/>\n\u2022 FLEXIBLE: la forma \u00fanica de Be Me 3 es flexible para un placer superior y una comodidad prolongada<br \/>\n\u2022 EZ Handle- \u00a1El mango de agarre EZ exclusivo de Be ME 3 se adapta a usted! Su forma le permite &#8220;usarlo&#8221; c\u00f3modamente durante per\u00edodos prolongados. Su silicona blanda es flexible y flexible.<br \/>\n\u2022 BODY SAFE &#8211; Be Me 3 es 100% seguro para el cuerpo y libre de ftalatos. Utilizamos solo los mejores materiales y siliconas en nuestros productos. Flexible: la forma \u00fanica de Be Me 3 es flexible para un placer superior y una comodidad prolongada<br \/>\n\u2022 TAMA\u00d1O IDEAL &#8211; Longitud: 5.2 pulgadas \/ insertables: 4.5 pulgadas \/ Di\u00e1metro: 1.30 pulgadas<\/p>\n","protected":false},"excerpt":{"rendered":"<p>\u00a1La esbelta forma de Be Me 3 fue dise\u00f1ada para el placer anal definitivo! La forma \u00fanica de Be Me 3 es flexible y contorneada para una experiencia de placer superior. Creado a partir de silic\u00f3n puro y 100% seguro para el cuerpo. \u00a1Usa Be Me 3 donde quieras! El manejo EZ hace que el juego anal sea f\u00e1cil y c\u00f3modo. \u00a1El mango EZ es suave, flexible y se adapta a tu agarre!<br \/>\n<img src=\"https:\/\/travexxxuras.com\/sexshop\/wp-content\/themes\/storefront\/images\/pagos.png\" \/><\/p>\n","protected":false},"featured_media":594,"comment_status":"closed","ping_status":"closed","template":"","meta":[],"_links":{"self":[{"href":"https:\/\/travexxxuras.com\/sexshop\/wp-json\/wp\/v2\/product\/593"}],"collection":[{"href":"https:\/\/travexxxuras.com\/sexshop\/wp-json\/wp\/v2\/product"}],"about":[{"href":"https:\/\/travexxxuras.com\/sexshop\/wp-json\/wp\/v2\/types\/product"}],"replies":[{"embeddable":true,"href":"https:\/\/travexxxuras.com\/sexshop\/wp-json\/wp\/v2\/comments?post=593"}],"wp:featuredmedia":[{"embeddable":true,"href":"https:\/\/travexxxuras.com\/sexshop\/wp-json\/wp\/v2\/media\/594"}],"wp:attachment":[{"href":"https:\/\/travexxxuras.com\/sexshop\/wp-json\/wp\/v2\/media?parent=593"}],"curies":[{"name":"wp","href":"https:\/\/api.w.org\/{rel}","templated":true}]}}