{"id":574,"date":"2018-06-07T00:41:29","date_gmt":"2018-06-07T00:41:29","guid":{"rendered":"http:\/\/travexxxuras.com\/sexshop\/?post_type=product&#038;p=574"},"modified":"2019-01-09T23:48:18","modified_gmt":"2019-01-09T23:48:18","slug":"donut-rings-oversized-black","status":"publish","type":"product","link":"https:\/\/travexxxuras.com\/sexshop\/producto\/donut-rings-oversized-black\/","title":{"rendered":"Donut Rings Oversized"},"content":{"rendered":"<p>\u00a1Realiza como el semental que eres! \u00a1Estos Stay Hard Rings son un simple complemento seductor para prolongar su erecci\u00f3n y prolongar sus sesiones con su pareja! Los anillos Hard Stay Cock proporcionan beneficios incre\u00edbles, ya que se pueden utilizar en todo el eje o en el eje y los test\u00edculos para aumentar tanto su tama\u00f1o como su resistencia. 33% m\u00e1s grueso que nuestros anillos normales Donut, \u00a1as\u00ed que ayudan a mejorar tu resistencia a\u00fan m\u00e1s! Hecho de nuestra mezcla patentada de elast\u00f3mero s\u00faper el\u00e1stico para su seguridad e higiene durante su juego \u00edntimo. \u00a1As\u00ed que elige este Elastomer Donut Ring de Blush esta noche, a ti y a tu pareja les encantar\u00e1 tu erecci\u00f3n m\u00e1s grande y dura que dura m\u00e1s tiempo!<\/p>\n<p>\u2022 Aumenta la resistencia y disfruta de erecciones m\u00e1s duras<br \/>\n\u2022 20% m\u00e1s grueso que los anillos de rosquilla regulares para a\u00fan m\u00e1s resistencia<br \/>\n\u2022 La banda de elast\u00f3mero fuerte es resistente a la rotura<br \/>\n\u2022 Hecho de materiales seguros para el cuerpo y cumple o excede los est\u00e1ndares internacionales de seguridad establecidos por las directivas CE y RoHS. Ftalato y l\u00e1tex libre. Es su cuerpo ser consciente de lo que pone en \u00e9l.<br \/>\n\u2022 Grosor del anillo: .5 &#8220;\/ Di\u00e1metro interno: .7&#8221; \/ Di\u00e1metro exterior: 1.67 &#8220;<\/p>\n","protected":false},"excerpt":{"rendered":"<p>\u00a1Realiza como el semental que eres! \u00a1Estos Stay Hard Rings son un simple complemento seductor para prolongar su erecci\u00f3n y prolongar sus sesiones con su pareja! Los anillos Hard Stay Cock proporcionan beneficios incre\u00edbles, ya que se pueden utilizar en todo el eje o en el eje y los test\u00edculos para aumentar tanto su tama\u00f1o como su resistencia. 33% m\u00e1s grueso que nuestros anillos normales Donut, \u00a1as\u00ed que ayudan a mejorar tu resistencia a\u00fan m\u00e1s! Hecho de nuestra mezcla patentada de elast\u00f3mero s\u00faper el\u00e1stico para su seguridad e higiene durante su juego \u00edntimo. \u00a1As\u00ed que elige este Elastomer Donut Ring de Blush esta noche, a ti y a tu pareja les encantar\u00e1 tu erecci\u00f3n m\u00e1s grande y dura que dura m\u00e1s tiempo!<br \/>\n<img src=\"https:\/\/travexxxuras.com\/sexshop\/wp-content\/themes\/storefront\/images\/pagos.png\" \/><\/p>\n","protected":false},"featured_media":577,"comment_status":"closed","ping_status":"closed","template":"","meta":[],"_links":{"self":[{"href":"https:\/\/travexxxuras.com\/sexshop\/wp-json\/wp\/v2\/product\/574"}],"collection":[{"href":"https:\/\/travexxxuras.com\/sexshop\/wp-json\/wp\/v2\/product"}],"about":[{"href":"https:\/\/travexxxuras.com\/sexshop\/wp-json\/wp\/v2\/types\/product"}],"replies":[{"embeddable":true,"href":"https:\/\/travexxxuras.com\/sexshop\/wp-json\/wp\/v2\/comments?post=574"}],"wp:featuredmedia":[{"embeddable":true,"href":"https:\/\/travexxxuras.com\/sexshop\/wp-json\/wp\/v2\/media\/577"}],"wp:attachment":[{"href":"https:\/\/travexxxuras.com\/sexshop\/wp-json\/wp\/v2\/media?parent=574"}],"curies":[{"name":"wp","href":"https:\/\/api.w.org\/{rel}","templated":true}]}}