{"id":430,"date":"2018-06-02T19:27:31","date_gmt":"2018-06-02T19:27:31","guid":{"rendered":"http:\/\/travexxxuras.com\/sexshop\/?post_type=product&#038;p=430"},"modified":"2019-01-09T23:52:29","modified_gmt":"2019-01-09T23:52:29","slug":"stretchy-vibrating-bunny-enhancer","status":"publish","type":"product","link":"https:\/\/travexxxuras.com\/sexshop\/producto\/stretchy-vibrating-bunny-enhancer\/","title":{"rendered":"Stretchy Vibrating Bunny Enhancer"},"content":{"rendered":"<p>\u00a1S\u00fabete a eso! Basic Essentials son productos de alta calidad y repletos de funciones para parejas que mejoran el acto sexual, a un precio inmejorable. Una adici\u00f3n fabulosa a cualquier colecci\u00f3n de juguetes, nuestro Stretchy Vibrating Bunny Enhancer est\u00e1 dise\u00f1ado para mejorar y estimular lo \u00faltimo en gratificaci\u00f3n. El placer ser\u00e1 tuyo, con este anillo vibrador de color rosa intenso. El potenciador est\u00e1 fabricado con TPR s\u00faper c\u00f3modo, con el microestimulador removible y reutilizable fabricado en ABS con recubrimiento met\u00e1lico, tendr\u00e1 una experiencia incre\u00edblemente satisfactoria que es tanto segura como s\u00faper estimulante. Nuestro Basic Essentials Stretchy Vibrating Bunny Enhancer est\u00e1 durablemente hecho y ofrece lo \u00faltimo en comodidad sensual. Hecho para el placer y la seguridad, complacer\u00e1 a su compa\u00f1ero y le dar\u00e1 m\u00e1s emoci\u00f3n a su propia experiencia de dormitorio. Nuestro mejorador Essential Essentials Stretchy Vibrating Bunny te proporcionar\u00e1 la emoci\u00f3n que deseas a un precio inmejorable. Entonces, \u00bfpor qu\u00e9 esperar? Bunny Enhancer est\u00e1 listo para que te pongas en acci\u00f3n.<\/p>\n<p>Materiales\tElast\u00f3mero termopl\u00e1stico, pl\u00e1stico ABS \/ recubrimiento met\u00e1lico<br \/>\nFuente de alimentaci\u00f3n\t3 Mire las bater\u00edas (incluidas)<br \/>\nCaracteristicas\tLibre de ftalato, a prueba de agua, vibra<br \/>\nAl\u00e9rgenos\tN \/ A<br \/>\nGarant\u00eda\tGarant\u00eda de 90 d\u00edas<br \/>\nTiempo m\u00e1ximo de ejecuci\u00f3n\tN \/ A<br \/>\nTiempo m\u00e1ximo de carga\tN \/ A<br \/>\nMediciones\t2.25 &#8220;x 2.75&#8221; \/ 5.75cm x 7cm (Anillo)<\/p>\n","protected":false},"excerpt":{"rendered":"<p>\u00a1S\u00fabete a eso! Basic Essentials son productos de alta calidad y repletos de funciones para parejas que mejoran el acto sexual, a un precio inmejorable. Una adici\u00f3n fabulosa a cualquier colecci\u00f3n de juguetes, nuestro Stretchy Vibrating Bunny Enhancer est\u00e1 dise\u00f1ado para mejorar y estimular lo \u00faltimo en gratificaci\u00f3n.<br \/>\n<img src=\"https:\/\/travexxxuras.com\/sexshop\/wp-content\/themes\/storefront\/images\/pagos.png\" \/><\/p>\n","protected":false},"featured_media":431,"comment_status":"closed","ping_status":"closed","template":"","meta":[],"_links":{"self":[{"href":"https:\/\/travexxxuras.com\/sexshop\/wp-json\/wp\/v2\/product\/430"}],"collection":[{"href":"https:\/\/travexxxuras.com\/sexshop\/wp-json\/wp\/v2\/product"}],"about":[{"href":"https:\/\/travexxxuras.com\/sexshop\/wp-json\/wp\/v2\/types\/product"}],"replies":[{"embeddable":true,"href":"https:\/\/travexxxuras.com\/sexshop\/wp-json\/wp\/v2\/comments?post=430"}],"wp:featuredmedia":[{"embeddable":true,"href":"https:\/\/travexxxuras.com\/sexshop\/wp-json\/wp\/v2\/media\/431"}],"wp:attachment":[{"href":"https:\/\/travexxxuras.com\/sexshop\/wp-json\/wp\/v2\/media?parent=430"}],"curies":[{"name":"wp","href":"https:\/\/api.w.org\/{rel}","templated":true}]}}