{"id":3108,"date":"2022-05-17T00:29:23","date_gmt":"2022-05-17T00:29:23","guid":{"rendered":"https:\/\/travexxxuras.com\/sexshop\/?post_type=product&#038;p=3108"},"modified":"2022-05-17T00:29:23","modified_gmt":"2022-05-17T00:29:23","slug":"consolador-transparente-impecable-7-5","status":"publish","type":"product","link":"https:\/\/travexxxuras.com\/sexshop\/producto\/consolador-transparente-impecable-7-5\/","title":{"rendered":"Consolador transparente impecable 7.5&#8221;"},"content":{"rendered":"<h2><strong><span>Descripci\u00f3n del producto<\/span><\/strong><\/h2>\n<p><span>\u00a1Una vista para la m\u00e1s er\u00f3tica de las fantas\u00edas, la serie clara y desvergonzada de LOVETOY te ayudar\u00e1 a descubrir nuevos niveles de placer!\u00a0Esculpido para el superrealismo y curvado de forma \u00fanica para las m\u00e1ximas sensaciones.\u00a0Este juguete transparente seguro para la piel es una opci\u00f3n ideal para los jugadores de juguetes sexuales.\u00a0Inspirar\u00e1 tu juego sexual con posibilidades emocionantes y disfrute sin fin.<\/span><br \/>\n<span>Pegue la base de la ventosa de su consolador a una superficie no porosa, abre todo un mundo de posibilidades de manos libres.\u00a0Te encantar\u00e1 c\u00f3mo los detalles realistas como una cabeza levantada y las vetas texturizadas se suman a la sensaci\u00f3n de fantas\u00eda de cada cent\u00edmetro.<\/span><\/p>\n<h2><strong><span>Caracter\u00edsticas clave<\/span><\/strong><\/h2>\n<ol>\n<li><span>Hecho de TPE seguro para la piel, sin ftalatos, sin l\u00e1tex, inodoro<\/span><\/li>\n<li><span>Hermosa obra de arte transparente clara<\/span><\/li>\n<li><span>Suave y flexible, fomenta una f\u00e1cil inserci\u00f3n.<\/span><\/li>\n<li><span>Largo total: 7.5 pulgadas<\/span><\/li>\n<li><span>Longitud insertable:\u00a0<\/span><span>5\u00a0<\/span><span>.5 pulgadas<\/span><\/li>\n<li><span>Circunferencia: 4,5 pulgadas<\/span><\/li>\n<\/ol>\n","protected":false},"excerpt":{"rendered":"<p><span>\u00a1Una vista para la m\u00e1s er\u00f3tica de las fantas\u00edas, la serie clara y desvergonzada de LOVETOY te ayudar\u00e1 a descubrir nuevos niveles de placer!\u00a0<\/span><span>Esculpido para el superrealismo y curvado de forma \u00fanica para las m\u00e1ximas sensaciones.\u00a0<\/span><span>Este juguete transparente seguro para la piel es una opci\u00f3n ideal para los jugadores de juguetes sexuales.\u00a0<\/span><span>Inspirar\u00e1 tu juego sexual con posibilidades emocionantes y disfrute sin fin.<\/span><\/p>\n","protected":false},"featured_media":3109,"comment_status":"closed","ping_status":"closed","template":"","meta":[],"_links":{"self":[{"href":"https:\/\/travexxxuras.com\/sexshop\/wp-json\/wp\/v2\/product\/3108"}],"collection":[{"href":"https:\/\/travexxxuras.com\/sexshop\/wp-json\/wp\/v2\/product"}],"about":[{"href":"https:\/\/travexxxuras.com\/sexshop\/wp-json\/wp\/v2\/types\/product"}],"replies":[{"embeddable":true,"href":"https:\/\/travexxxuras.com\/sexshop\/wp-json\/wp\/v2\/comments?post=3108"}],"wp:featuredmedia":[{"embeddable":true,"href":"https:\/\/travexxxuras.com\/sexshop\/wp-json\/wp\/v2\/media\/3109"}],"wp:attachment":[{"href":"https:\/\/travexxxuras.com\/sexshop\/wp-json\/wp\/v2\/media?parent=3108"}],"curies":[{"name":"wp","href":"https:\/\/api.w.org\/{rel}","templated":true}]}}