{"id":3024,"date":"2022-05-14T00:18:54","date_gmt":"2022-05-14T00:18:54","guid":{"rendered":"https:\/\/travexxxuras.com\/sexshop\/?post_type=product&#038;p=3024"},"modified":"2022-05-14T00:18:55","modified_gmt":"2022-05-14T00:18:55","slug":"really-ample-penis-enhancer-marron","status":"publish","type":"product","link":"https:\/\/travexxxuras.com\/sexshop\/producto\/really-ample-penis-enhancer-marron\/","title":{"rendered":"Really Ample Penis Enhancer &#8211; Marr\u00f3n"},"content":{"rendered":"<p><span>\u00a1AUMENTE su tama\u00f1o y circunferencia con este potenciador de erecci\u00f3n duplicado!\u00a0Hecho de material TPR, por lo que es lo suficientemente el\u00e1stico como para caber sobre la mayor\u00eda de los penes.\u00a0Simplemente deslice su varilla en la vaina y ajuste el anillo adjunto detr\u00e1s de los test\u00edculos.\u00a0Una vez en su lugar, este ampliador duradero ayudar\u00e1 a una mayor satisfacci\u00f3n de la pareja y un aumento de tama\u00f1o instant\u00e1neo sin p\u00edldoras ni cremas de las que preocuparse.\u00a0Agrega longitud y grosor para ellos, y est\u00e1 revestido con protuberancias de sensaciones internas para ti.\u00a0Consigue tu vara ideal con Really Ample Penis Enhancer.<\/span><\/p>\n<p><b><span>Tama\u00f1o<\/span><\/b><br \/>\n<span>Longitud total: 8.5&#8243;<\/span><br \/>\n<span>Longitud insertable: 6&#8243;<\/span><br \/>\n<span>Di\u00e1metro: 1.75&#8243;<\/span><\/p>\n","protected":false},"excerpt":{"rendered":"<p><span>\u00a1AUMENTE su tama\u00f1o y circunferencia con este potenciador de erecci\u00f3n duplicado!\u00a0<\/span><span>Hecho de material TPR, por lo que es lo suficientemente el\u00e1stico como para caber sobre la mayor\u00eda de los penes.\u00a0<\/span><span>Simplemente deslice su varilla en la vaina y ajuste el anillo adjunto detr\u00e1s de los test\u00edculos.\u00a0<\/span><\/p>\n","protected":false},"featured_media":3029,"comment_status":"closed","ping_status":"closed","template":"","meta":[],"_links":{"self":[{"href":"https:\/\/travexxxuras.com\/sexshop\/wp-json\/wp\/v2\/product\/3024"}],"collection":[{"href":"https:\/\/travexxxuras.com\/sexshop\/wp-json\/wp\/v2\/product"}],"about":[{"href":"https:\/\/travexxxuras.com\/sexshop\/wp-json\/wp\/v2\/types\/product"}],"replies":[{"embeddable":true,"href":"https:\/\/travexxxuras.com\/sexshop\/wp-json\/wp\/v2\/comments?post=3024"}],"wp:featuredmedia":[{"embeddable":true,"href":"https:\/\/travexxxuras.com\/sexshop\/wp-json\/wp\/v2\/media\/3029"}],"wp:attachment":[{"href":"https:\/\/travexxxuras.com\/sexshop\/wp-json\/wp\/v2\/media?parent=3024"}],"curies":[{"name":"wp","href":"https:\/\/api.w.org\/{rel}","templated":true}]}}