{"id":291,"date":"2017-12-07T23:03:21","date_gmt":"2017-12-07T23:03:21","guid":{"rendered":"http:\/\/travexxxuras.com\/sexshop\/?post_type=product&#038;p=291"},"modified":"2019-01-10T00:03:57","modified_gmt":"2019-01-10T00:03:57","slug":"lucky-lady-dual-stimulator","status":"publish","type":"product","link":"https:\/\/travexxxuras.com\/sexshop\/producto\/lucky-lady-dual-stimulator\/","title":{"rendered":"Lucky Lady Dual Stimulator"},"content":{"rendered":"<p>Satisfaga su vagina y analmente al mismo tiempo con este incre\u00edble estimulador dual. Con una cabeza m\u00e1s gruesa para la entrada vaginal y una punta c\u00f3nica suave para el placer anal, este excitador de gelatina le despertar\u00e1 simult\u00e1neamente de m\u00faltiples maneras. La gelatina s\u00faper suave es firme pero flexible, lo que le permite doblar y contornear las curvas de una mujer.<\/p>\n","protected":false},"excerpt":{"rendered":"<p>Satisfaga su vagina y analmente al mismo tiempo con este incre\u00edble estimulador dual. Con una cabeza m\u00e1s gruesa para la entrada vaginal y una punta c\u00f3nica suave para el placer anal, este excitador de gelatina le despertar\u00e1 simult\u00e1neamente de m\u00faltiples maneras. La gelatina s\u00faper suave es firme pero flexible, lo que le permite doblar y contornear las curvas de una mujer.<br \/>\n<img src=\"https:\/\/travexxxuras.com\/sexshop\/wp-content\/themes\/storefront\/images\/pagos.png\" \/><\/p>\n","protected":false},"featured_media":308,"comment_status":"closed","ping_status":"closed","template":"","meta":[],"_links":{"self":[{"href":"https:\/\/travexxxuras.com\/sexshop\/wp-json\/wp\/v2\/product\/291"}],"collection":[{"href":"https:\/\/travexxxuras.com\/sexshop\/wp-json\/wp\/v2\/product"}],"about":[{"href":"https:\/\/travexxxuras.com\/sexshop\/wp-json\/wp\/v2\/types\/product"}],"replies":[{"embeddable":true,"href":"https:\/\/travexxxuras.com\/sexshop\/wp-json\/wp\/v2\/comments?post=291"}],"wp:featuredmedia":[{"embeddable":true,"href":"https:\/\/travexxxuras.com\/sexshop\/wp-json\/wp\/v2\/media\/308"}],"wp:attachment":[{"href":"https:\/\/travexxxuras.com\/sexshop\/wp-json\/wp\/v2\/media?parent=291"}],"curies":[{"name":"wp","href":"https:\/\/api.w.org\/{rel}","templated":true}]}}