{"id":2878,"date":"2022-05-06T20:29:37","date_gmt":"2022-05-06T20:29:37","guid":{"rendered":"https:\/\/travexxxuras.com\/sexshop\/?post_type=product&#038;p=2878"},"modified":"2022-06-14T22:26:17","modified_gmt":"2022-06-14T22:26:17","slug":"hers-g-spot-kit-impermeable","status":"publish","type":"product","link":"https:\/\/travexxxuras.com\/sexshop\/producto\/hers-g-spot-kit-impermeable\/","title":{"rendered":"Hers G-Spot Kit impermeable"},"content":{"rendered":"<p>Tiente y satisfaga su deseo femenino con Her G-Spot Kit. El completo kit incluye el mundialmente famoso estimulador Butterfly Kiss, un potente masajeador curvo de varias velocidades y un tr\u00edo de estimuladores de dedos ultrasuaves y el\u00e1sticos.<\/p>\n<p>Este kit es la colecci\u00f3n de inicio definitiva para juegos er\u00f3ticos \u00edntimos. El kit incluye todo lo que necesitas para despertar, estimular y deleitar el punto G s\u00faper sensible. El excitador de color rosa fuerte est\u00e1 hecho de TPR seguro para el cuerpo suave y liso y cuenta con una punta de punto G flexible en forma de capullo y antenas de mariposa parpadeantes, para una estimulaci\u00f3n adicional del cl\u00edtoris. El masajeador compacto de m\u00faltiples velocidades tiene una punta curva en \u00e1ngulo para una aplicaci\u00f3n de excitaci\u00f3n precisa.<\/p>\n<p>En este kit tambi\u00e9n se incluyen 3 teasers de dedos TPR transparentes f\u00e1ciles de usar con protuberancias de placer y puntas moldeadas, para maximizar la estimulaci\u00f3n y las sensaciones org\u00e1smicas. Para aumentar la sensibilidad y aumentar el cl\u00edmax, use siempre un lubricante de calidad con los accesorios del punto G.<\/p>\n<p>SKU: SE-1988-20-3<br \/>\nColor: Rosa<br \/>\nTipo de material: Goma termopl\u00e1stica, Pl\u00e1stico ABS<br \/>\nFuente de alimentaci\u00f3n: 1AA (no incluido)<br \/>\nCaracter\u00edsticas: Libre de ftalatos, resistente al agua, vibra<br \/>\nGarant\u00eda: 1 a\u00f1o de garant\u00eda<br \/>\nMediciones: 7 cm x 3,25 cm (beso de mariposa)<br \/>\n11,5 cm x 2,5 cm (masajeador)<br \/>\n3,75 cm x 2,5 cm (manga 1)<br \/>\n4,5 cm x 1,75 x 0,75 2 cm (manga 2)<br \/>\n2,25 pulg. x 0,75 pulg. \/ 5,75 cm x 2 cm (manga 3)<br \/>\nPeso: A granel: 6,9 (oz) \/ 0,2 (kg) | Paquete: 8,5 (oz) \/ 0,24 (kg)<br \/>\nPaquete: 2 x 4,5 x 10,25 (pulgadas) \/ 5 x 11,5 x 26 (cm)<\/p>\n","protected":false},"excerpt":{"rendered":"<p>&#8211; Butterry Kiss de fama mundial con punta para el punto G m\u00e1s alas pronunciadas y 3 velocidades de vibraci\u00f3n<br \/>\n&#8211; Masajeador compacto de m\u00faltiples velocidades perfectamente curvado para la estimulaci\u00f3n del punto G<br \/>\n&#8211; 3 teasers suaves y el\u00e1sticos para los dedos para una estimulaci\u00f3n tentadora<br \/>\n&#8211; TPR (Butterry Kiss, mangas) ABS (masajeador, gorra)<br \/>\n&#8211; Requiere 1 pila AA<\/p>\n","protected":false},"featured_media":2880,"comment_status":"closed","ping_status":"closed","template":"","meta":[],"_links":{"self":[{"href":"https:\/\/travexxxuras.com\/sexshop\/wp-json\/wp\/v2\/product\/2878"}],"collection":[{"href":"https:\/\/travexxxuras.com\/sexshop\/wp-json\/wp\/v2\/product"}],"about":[{"href":"https:\/\/travexxxuras.com\/sexshop\/wp-json\/wp\/v2\/types\/product"}],"replies":[{"embeddable":true,"href":"https:\/\/travexxxuras.com\/sexshop\/wp-json\/wp\/v2\/comments?post=2878"}],"wp:featuredmedia":[{"embeddable":true,"href":"https:\/\/travexxxuras.com\/sexshop\/wp-json\/wp\/v2\/media\/2880"}],"wp:attachment":[{"href":"https:\/\/travexxxuras.com\/sexshop\/wp-json\/wp\/v2\/media?parent=2878"}],"curies":[{"name":"wp","href":"https:\/\/api.w.org\/{rel}","templated":true}]}}