{"id":2819,"date":"2022-05-03T20:21:14","date_gmt":"2022-05-03T20:21:14","guid":{"rendered":"https:\/\/travexxxuras.com\/sexshop\/?post_type=product&#038;p=2819"},"modified":"2022-05-03T20:21:14","modified_gmt":"2022-05-03T20:21:14","slug":"spray-x-treme-for-men","status":"publish","type":"product","link":"https:\/\/travexxxuras.com\/sexshop\/producto\/spray-x-treme-for-men\/","title":{"rendered":"Spray X-treme For Men"},"content":{"rendered":"<p> Retardante en spray para hombres.<br \/>\n Ayuda a hombres a reducir la sensibilidad y durar m\u00e1s tiempo en la intimidad.<br \/>\n Reduce la sensibilidad y ten un rendimiento m\u00e1s duradero con tu pareja.<br \/>\n Efecto Inmediato despu\u00e9s de la Aplicaci\u00f3n.<br \/>\n Producto Sin Efectos Secundarios.<br \/>\n Formato Muy Discreto Y F\u00e1cil de Llevar.<\/p>\n<p>Powers X es un Retardante Para la eyaculaci\u00f3n, previene y evita la eyaculaci\u00f3n prematura, sin necesidad de f\u00e1rmaco.<\/p>\n<p>Powers X es un producto que no requiere receta m\u00e9dica es de libre adquisici\u00f3n, evita la eyaculaci\u00f3n prematura gracias a los efectos de su componente activo este resta sensibilidad al miembro masculino.<\/p>\n<p>Powers X se aplica muy f\u00e1cilmente, este mediante unas pulverizaciones en el glande dejando actuar un minuto es suficiente para disfrutar m\u00e1s de 1Hora de relaci\u00f3n sexual intensa.<\/p>\n<p>Powers X puede aplicarse con rapidez, y f\u00e1cilmente de modo discreto durante el juego sexual preliminar o en el momento previo a la realizaci\u00f3n el coito. El Retardante Powers X es muy f\u00e1cil y c\u00f3modo de utilizar basta con aplicar unas pulverizaciones del producto en el pene o sobre el glande y dejar actuar unos segundos y el retardante actuara en breves minutos.<\/p>\n","protected":false},"excerpt":{"rendered":"<p>Powers X es un Retardante Para la eyaculaci\u00f3n, previene y evita la eyaculaci\u00f3n prematura, sin necesidad de f\u00e1rmaco.<\/p>\n<p>Powers X es un producto que no requiere receta m\u00e9dica es de libre adquisici\u00f3n, evita la eyaculaci\u00f3n prematura gracias a los efectos de su componente activo este resta sensibilidad al miembro masculino.<\/p>\n<p>Powers X se aplica muy f\u00e1cilmente, este mediante unas pulverizaciones en el glande dejando actuar un minuto es suficiente para disfrutar m\u00e1s de 1Hora de relaci\u00f3n sexual intensa.<\/p>\n","protected":false},"featured_media":2820,"comment_status":"closed","ping_status":"closed","template":"","meta":[],"_links":{"self":[{"href":"https:\/\/travexxxuras.com\/sexshop\/wp-json\/wp\/v2\/product\/2819"}],"collection":[{"href":"https:\/\/travexxxuras.com\/sexshop\/wp-json\/wp\/v2\/product"}],"about":[{"href":"https:\/\/travexxxuras.com\/sexshop\/wp-json\/wp\/v2\/types\/product"}],"replies":[{"embeddable":true,"href":"https:\/\/travexxxuras.com\/sexshop\/wp-json\/wp\/v2\/comments?post=2819"}],"wp:featuredmedia":[{"embeddable":true,"href":"https:\/\/travexxxuras.com\/sexshop\/wp-json\/wp\/v2\/media\/2820"}],"wp:attachment":[{"href":"https:\/\/travexxxuras.com\/sexshop\/wp-json\/wp\/v2\/media?parent=2819"}],"curies":[{"name":"wp","href":"https:\/\/api.w.org\/{rel}","templated":true}]}}