{"id":2793,"date":"2022-04-29T01:08:21","date_gmt":"2022-04-29T01:08:21","guid":{"rendered":"https:\/\/travexxxuras.com\/sexshop\/?post_type=product&#038;p=2793"},"modified":"2022-05-03T23:29:09","modified_gmt":"2022-05-03T23:29:09","slug":"niki-vibrador-de-panty-de-silicona-recargable","status":"publish","type":"product","link":"https:\/\/travexxxuras.com\/sexshop\/producto\/niki-vibrador-de-panty-de-silicona-recargable\/","title":{"rendered":"Niki vibrador de panty de silicona recargable"},"content":{"rendered":"<p>niki RECHARGEABLE PANTY VIBE deleita discretamente con 10 potentes modos de vibraci\u00f3n y 6 niveles de intensidad. Elegante, sexy y completamente flexible, esta vibra est\u00e1 dise\u00f1ada para adaptarse a tu bot\u00f3n de placer de la forma en que deber\u00eda hacerlo una braguita: c\u00f3modamente. Con un im\u00e1n para mantener la vibraci\u00f3n en su lugar de forma segura y un elegante control remoto, es imprescindible para pasar una noche divertida fuera o dentro. Silencioso y completamente sumergible, tambi\u00e9n puedes llevar a Niki a nadar. Solo t\u00fa sabr\u00e1s lo divertido que te est\u00e1s divirtiendo.<\/p>\n<p>Recargable con cable USB (incluido)<br \/>\nModos de vibraci\u00f3n: 10<br \/>\nNiveles de intensidad: 6<br \/>\nIm\u00e1n para sujetar de forma segura en su lugar<br \/>\nElegante forma flexible para adaptarse a todas las formas y tama\u00f1os.<br \/>\nTiempo de carga: 180 min.<br \/>\nTiempo de uso: 45 min.<br \/>\nPunta Nub para estimulaci\u00f3n del cl\u00edtoris<\/p>\n","protected":false},"excerpt":{"rendered":"<p>niki RECHARGEABLE PANTY VIBE deleita discretamente con 10 potentes modos de vibraci\u00f3n y 6 niveles de intensidad. Elegante, sexy y completamente flexible, esta vibra est\u00e1 dise\u00f1ada para adaptarse a tu bot\u00f3n de placer de la forma en que deber\u00eda hacerlo una braguita: c\u00f3modamente. Con un im\u00e1n para mantener la vibraci\u00f3n en su lugar de forma segura y un elegante control remoto, es imprescindible para pasar una noche divertida fuera o dentro. Silencioso y completamente sumergible, tambi\u00e9n puedes llevar a Niki a nadar. Solo t\u00fa sabr\u00e1s lo divertido que te est\u00e1s divirtiendo.<\/p>\n","protected":false},"featured_media":2794,"comment_status":"closed","ping_status":"closed","template":"","meta":[],"_links":{"self":[{"href":"https:\/\/travexxxuras.com\/sexshop\/wp-json\/wp\/v2\/product\/2793"}],"collection":[{"href":"https:\/\/travexxxuras.com\/sexshop\/wp-json\/wp\/v2\/product"}],"about":[{"href":"https:\/\/travexxxuras.com\/sexshop\/wp-json\/wp\/v2\/types\/product"}],"replies":[{"embeddable":true,"href":"https:\/\/travexxxuras.com\/sexshop\/wp-json\/wp\/v2\/comments?post=2793"}],"wp:featuredmedia":[{"embeddable":true,"href":"https:\/\/travexxxuras.com\/sexshop\/wp-json\/wp\/v2\/media\/2794"}],"wp:attachment":[{"href":"https:\/\/travexxxuras.com\/sexshop\/wp-json\/wp\/v2\/media?parent=2793"}],"curies":[{"name":"wp","href":"https:\/\/api.w.org\/{rel}","templated":true}]}}