{"id":2782,"date":"2022-04-29T00:22:15","date_gmt":"2022-04-29T00:22:15","guid":{"rendered":"https:\/\/travexxxuras.com\/sexshop\/?post_type=product&#038;p=2782"},"modified":"2022-04-29T00:22:15","modified_gmt":"2022-04-29T00:22:15","slug":"vibrador-de-silicona-recargable-wonderlust","status":"publish","type":"product","link":"https:\/\/travexxxuras.com\/sexshop\/producto\/vibrador-de-silicona-recargable-wonderlust\/","title":{"rendered":"Vibrador de silicona recargable Wonderlust"},"content":{"rendered":"<p>Wonderlust es una nueva forma de experimentar las caracter\u00edsticas buscadas de los productos de lujo de alta gama de una manera m\u00e1s asequible. Con su ingenier\u00eda superior, Wonderlust puede proporcionar vibraciones intensas, caracter\u00edsticas resistentes al agua, formas seductoras y hermosos colores que abren las puertas del placer para cualquiera.<\/p>\n<p>Serenity tiene una forma sensual con la curva justa para el placer perfecto del punto G. Su cuerpo es ligeramente flexible, pero lo suficientemente firme para que apliques la presi\u00f3n adecuada para ti. Una cresta ovalada envuelve el cuerpo, lo que da una sensaci\u00f3n incre\u00edble con cada movimiento. Serenity cuenta con una vibraci\u00f3n PowerBullet silenciosa, es resistente al agua y recargable para usar casi en cualquier lugar que sientas.<\/p>\n<p>Wonderlust Serenity Purple tiene un acabado de silicona suave, aterciopelado y suave. El mango firme tambi\u00e9n tiene un bot\u00f3n de silicona iluminado que controla la funci\u00f3n de encendido\/apagado y todas las funciones de vibraci\u00f3n.<\/p>\n<p>Caracter\u00edsticas:<br \/>\n&#8211; Control de velocidad incremental<br \/>\n&#8211; Botones f\u00e1ciles de presionar<br \/>\n&#8211; 20 funciones<br \/>\n&#8211; Bloqueo para viajes<br \/>\n&#8211; Resistente al agua<br \/>\n&#8211; Recargable<br \/>\n&#8211; Fabricado con silicona suave al tacto<br \/>\n&#8211; Memoria de funciones favoritas<\/p>\n","protected":false},"excerpt":{"rendered":"<p>Wonderlust es una nueva forma de experimentar las caracter\u00edsticas buscadas de los productos de lujo de alta gama de una manera m\u00e1s asequible. Con su ingenier\u00eda superior, Wonderlust puede proporcionar vibraciones intensas, caracter\u00edsticas resistentes al agua, formas seductoras y hermosos colores que abren las puertas del placer para cualquiera.<\/p>\n","protected":false},"featured_media":2786,"comment_status":"closed","ping_status":"closed","template":"","meta":[],"_links":{"self":[{"href":"https:\/\/travexxxuras.com\/sexshop\/wp-json\/wp\/v2\/product\/2782"}],"collection":[{"href":"https:\/\/travexxxuras.com\/sexshop\/wp-json\/wp\/v2\/product"}],"about":[{"href":"https:\/\/travexxxuras.com\/sexshop\/wp-json\/wp\/v2\/types\/product"}],"replies":[{"embeddable":true,"href":"https:\/\/travexxxuras.com\/sexshop\/wp-json\/wp\/v2\/comments?post=2782"}],"wp:featuredmedia":[{"embeddable":true,"href":"https:\/\/travexxxuras.com\/sexshop\/wp-json\/wp\/v2\/media\/2786"}],"wp:attachment":[{"href":"https:\/\/travexxxuras.com\/sexshop\/wp-json\/wp\/v2\/media?parent=2782"}],"curies":[{"name":"wp","href":"https:\/\/api.w.org\/{rel}","templated":true}]}}