{"id":2730,"date":"2022-04-26T20:10:39","date_gmt":"2022-04-26T20:10:39","guid":{"rendered":"https:\/\/travexxxuras.com\/sexshop\/?post_type=product&#038;p=2730"},"modified":"2022-05-14T20:18:30","modified_gmt":"2022-05-14T20:18:30","slug":"hollow-strap-on-8-chocolate","status":"publish","type":"product","link":"https:\/\/travexxxuras.com\/sexshop\/producto\/hollow-strap-on-8-chocolate\/","title":{"rendered":"Hollow Strap-On 8&#8243; &#8211; Chocolate"},"content":{"rendered":"<p>\u00bfNo siempre has querido pasar el rato con los grandes y sentirte m\u00e1s seguro acerca de tu tama\u00f1o? \u00a1Tu amante sabe que el tama\u00f1o S\u00cd importa, y nadie puede cumplir tus fantas\u00edas y satisfacer a una pareja como lo puede hacer un semental colgado! \u00a1Ahora puedes tener el largo y el grosor que siempre so\u00f1aste y ser todo el hombre que puedes ser con el cintur\u00f3n hueco de 8&#8243;!<\/p>\n<p>Desp\u00eddete de las vergonzosas decepciones a mitad de camino y saluda a una sonrisa satisfactoria de tu amante. El c\u00f3modo El arn\u00e9s el\u00e1stico se ajusta f\u00e1cilmente para adaptarse a la mayor\u00eda de los tama\u00f1os, mientras que el consolador sin ftalatos de 8 &#8220;acertar\u00e1 siempre en el lugar correcto. Es perfecto para hombres con disfunci\u00f3n er\u00e9ctil, para mujeres o cualquiera que busque algo extra.<\/p>\n<p>&#8211; Arn\u00e9s El\u00e1stico Ajustable<br \/>\n&#8211; Material: Dildo: PVC, Cintura: El\u00e1stico<\/p>\n","protected":false},"excerpt":{"rendered":"<p>\u00bfNo siempre has querido pasar el rato con los grandes y sentirte m\u00e1s seguro acerca de tu tama\u00f1o? \u00a1Tu amante sabe que el tama\u00f1o S\u00cd importa, y nadie puede cumplir tus fantas\u00edas y satisfacer a una pareja como lo puede hacer un semental colgado!<\/p>\n","protected":false},"featured_media":2736,"comment_status":"closed","ping_status":"closed","template":"","meta":[],"_links":{"self":[{"href":"https:\/\/travexxxuras.com\/sexshop\/wp-json\/wp\/v2\/product\/2730"}],"collection":[{"href":"https:\/\/travexxxuras.com\/sexshop\/wp-json\/wp\/v2\/product"}],"about":[{"href":"https:\/\/travexxxuras.com\/sexshop\/wp-json\/wp\/v2\/types\/product"}],"replies":[{"embeddable":true,"href":"https:\/\/travexxxuras.com\/sexshop\/wp-json\/wp\/v2\/comments?post=2730"}],"wp:featuredmedia":[{"embeddable":true,"href":"https:\/\/travexxxuras.com\/sexshop\/wp-json\/wp\/v2\/media\/2736"}],"wp:attachment":[{"href":"https:\/\/travexxxuras.com\/sexshop\/wp-json\/wp\/v2\/media?parent=2730"}],"curies":[{"name":"wp","href":"https:\/\/api.w.org\/{rel}","templated":true}]}}