{"id":2687,"date":"2022-04-21T23:11:42","date_gmt":"2022-04-21T23:11:42","guid":{"rendered":"https:\/\/travexxxuras.com\/sexshop\/?post_type=product&#038;p=2687"},"modified":"2022-06-25T20:48:06","modified_gmt":"2022-06-25T20:48:06","slug":"spray-dynamo-delay","status":"publish","type":"product","link":"https:\/\/travexxxuras.com\/sexshop\/producto\/spray-dynamo-delay\/","title":{"rendered":"Spray DYNAMO DELAY"},"content":{"rendered":"<p>\u00bfEst\u00e1 listo para tener SEXO M\u00c1S DURADERO Y M\u00c1S AGRADABLE? \u00a1DYNAMO DELAY le puede ayudar!<br \/>\nDYNAMO\u00ae DELAY ayuda a que las parejas disfruten de un sexo m\u00e1s duradero con una f\u00f3rmula cl\u00ednicamente comprobada y de r\u00e1pida acci\u00f3n que proporciona resultados seguros y efectivos. Este aerosol no-irritante prolonga temporalmente el tiempo de aparici\u00f3n de la eyaculaci\u00f3n usando una f\u00f3rmula concentrada de 13% de lidoca\u00edna, \u00a1la cual proporciona una sensaci\u00f3n de adormecimiento t\u00f3pico que funciona en minutos y dura horas! \u00a1Mejora la resistencia, aumenta la resistencia, y prolonga el placer sin una receta!<\/p>\n<p>CARACTER\u00cdSTICAS Y BENEFICIOS<br \/>\nF\u00f3rmula que cumple con la FDA<\/p>\n<p>Cl\u00ednicamente comprobado<\/p>\n<p>Resultados seguros y efectivo sin receta<\/p>\n<p>Alternativa segura para procedimientos invasivos y medicamentos costosos<\/p>\n<p>Frasco de dosis medida para una aplicaci\u00f3n consistente cada vez<\/p>\n<p>Tapa resistente a ni\u00f1os para un almacenaje seguro<\/p>\n<p>INSTRUCCIONES<br \/>\nAplique 3 o m\u00e1s roc\u00edos, no exceda 10, a la cabeza y tronco del pene antes del coito, o \u00faselo seg\u00fan las instrucciones de su doctor<\/p>\n","protected":false},"excerpt":{"rendered":"<p>DYNAMO\u00ae DELAY ayuda a que las parejas disfruten de un sexo m\u00e1s duradero con una f\u00f3rmula cl\u00ednicamente comprobada y de r\u00e1pida acci\u00f3n que proporciona resultados seguros y efectivos. Este aerosol no-irritante prolonga temporalmente el tiempo de aparici\u00f3n de la eyaculaci\u00f3n usando una f\u00f3rmula concentrada de 13% de lidoca\u00edna, \u00a1la cual proporciona una sensaci\u00f3n de adormecimiento t\u00f3pico que funciona en minutos y dura horas! \u00a1Mejora la resistencia, aumenta la resistencia, y prolonga el placer sin una receta!<\/p>\n<p>CARACTER\u00cdSTICAS Y BENEFICIOS<br \/>\nF\u00f3rmula que cumple con la FDA<\/p>\n<p>Cl\u00ednicamente comprobado<\/p>\n<p>Resultados seguros y efectivo sin receta<\/p>\n<p>Alternativa segura para procedimientos invasivos y medicamentos costosos<\/p>\n<p>Frasco de dosis medida para una aplicaci\u00f3n consistente cada vez<\/p>\n<p>Tapa resistente a ni\u00f1os para un almacenaje seguro<\/p>\n<p>INSTRUCCIONES<br \/>\nAplique 3 o m\u00e1s roc\u00edos, no exceda 10, a la cabeza y tronco del pene antes del coito, o \u00faselo seg\u00fan las instrucciones de su doctor<\/p>\n","protected":false},"featured_media":2688,"comment_status":"closed","ping_status":"closed","template":"","meta":[],"_links":{"self":[{"href":"https:\/\/travexxxuras.com\/sexshop\/wp-json\/wp\/v2\/product\/2687"}],"collection":[{"href":"https:\/\/travexxxuras.com\/sexshop\/wp-json\/wp\/v2\/product"}],"about":[{"href":"https:\/\/travexxxuras.com\/sexshop\/wp-json\/wp\/v2\/types\/product"}],"replies":[{"embeddable":true,"href":"https:\/\/travexxxuras.com\/sexshop\/wp-json\/wp\/v2\/comments?post=2687"}],"wp:featuredmedia":[{"embeddable":true,"href":"https:\/\/travexxxuras.com\/sexshop\/wp-json\/wp\/v2\/media\/2688"}],"wp:attachment":[{"href":"https:\/\/travexxxuras.com\/sexshop\/wp-json\/wp\/v2\/media?parent=2687"}],"curies":[{"name":"wp","href":"https:\/\/api.w.org\/{rel}","templated":true}]}}