{"id":2684,"date":"2022-04-21T21:12:40","date_gmt":"2022-04-21T21:12:40","guid":{"rendered":"https:\/\/travexxxuras.com\/sexshop\/?post_type=product&#038;p=2684"},"modified":"2022-04-21T21:12:41","modified_gmt":"2022-04-21T21:12:41","slug":"potenciador-de-orgasmos-oh-yeah-15ml","status":"publish","type":"product","link":"https:\/\/travexxxuras.com\/sexshop\/producto\/potenciador-de-orgasmos-oh-yeah-15ml\/","title":{"rendered":"Potenciador de Orgasmos \u00a1Oh Yeah! 15ml"},"content":{"rendered":"<p>Prep\u00e1rate para una noche de orgasmos, el efecto calor de Oh yeah irrigara mayor sangre al cl\u00edtoris esto provocar\u00e1 una peque\u00f1a erecci\u00f3n sensibilizando la zona como resultado lograr el orgasmo. Utilizar antes de la actividad sexual. Aplica el aceite en el cl\u00edtoris con movimientos circulares y deja que absorba el producto, el efecto es inmediato pero aumenta con el uso. . Producto vegano. Y t\u00fa  \u00bfvas por t\u00fa orgasmo?<\/p>\n","protected":false},"excerpt":{"rendered":"<p>Prep\u00e1rate para una noche de orgasmos, el efecto calor de Oh yeah irrigara mayor sangre al cl\u00edtoris esto provocar\u00e1 una peque\u00f1a erecci\u00f3n sensibilizando la zona como resultado lograr el orgasmo. Utilizar antes de la actividad sexual. Aplica el aceite en el cl\u00edtoris con movimientos circulares y deja que absorba el producto, el efecto es inmediato pero aumenta con el uso. . Producto vegano. Y t\u00fa  \u00bfvas por t\u00fa orgasmo?<\/p>\n","protected":false},"featured_media":2685,"comment_status":"closed","ping_status":"closed","template":"","meta":[],"_links":{"self":[{"href":"https:\/\/travexxxuras.com\/sexshop\/wp-json\/wp\/v2\/product\/2684"}],"collection":[{"href":"https:\/\/travexxxuras.com\/sexshop\/wp-json\/wp\/v2\/product"}],"about":[{"href":"https:\/\/travexxxuras.com\/sexshop\/wp-json\/wp\/v2\/types\/product"}],"replies":[{"embeddable":true,"href":"https:\/\/travexxxuras.com\/sexshop\/wp-json\/wp\/v2\/comments?post=2684"}],"wp:featuredmedia":[{"embeddable":true,"href":"https:\/\/travexxxuras.com\/sexshop\/wp-json\/wp\/v2\/media\/2685"}],"wp:attachment":[{"href":"https:\/\/travexxxuras.com\/sexshop\/wp-json\/wp\/v2\/media?parent=2684"}],"curies":[{"name":"wp","href":"https:\/\/api.w.org\/{rel}","templated":true}]}}