{"id":239,"date":"2017-11-18T21:48:26","date_gmt":"2017-11-18T21:48:26","guid":{"rendered":"http:\/\/travexxxuras.com\/sexshop\/?post_type=product&#038;p=239"},"modified":"2019-01-10T00:10:41","modified_gmt":"2019-01-10T00:10:41","slug":"belladonnas-ultraskyn","status":"publish","type":"product","link":"https:\/\/travexxxuras.com\/sexshop\/producto\/belladonnas-ultraskyn\/","title":{"rendered":"Belladonna&#8217;s ULTRASKYN"},"content":{"rendered":"<p>Si alguna vez has deseado a la reina del porno Belladonna, esta es tu oportunidad de vivir la fantas\u00eda. \u00a1El Belladonna Pocket Pussy es una r\u00e9plica realista moldeada en vivo de su verdadero co\u00f1o mojado! Hecho de realista fleshlike ULTRASKYN \u2122, su muy codiciada vagina est\u00e1 ah\u00ed para que saquees. Seguro para el cuerpo, libre de ftalatos. Orgullosamente hecho en Am\u00e9rica.<br \/>\n\u2022 Moldeado directamente del co\u00f1o de Belladonna<br \/>\n\u2022 T\u00fanel de masaje con textura para aumentar la sensaci\u00f3n<br \/>\n\u2022 Dise\u00f1ado para usarlo f\u00e1cilmente con una sola mano<br \/>\n\u2022 Hecho de ULTRASKYN \u2122, The Ultimate Feel<br \/>\n\u2022 Orgullosamente construido en Am\u00e9rica<\/p>\n","protected":false},"excerpt":{"rendered":"<p>Si alguna vez has deseado a la reina del porno Belladonna, esta es tu oportunidad de vivir la fantas\u00eda. \u00a1El Belladonna Pocket Pussy es una r\u00e9plica realista moldeada en vivo de su verdadero co\u00f1o mojado! Hecho de realista fleshlike ULTRASKYN \u2122, su muy codiciada vagina est\u00e1 ah\u00ed para que saquees. Seguro para el cuerpo, libre de ftalatos. Orgullosamente hecho en Am\u00e9rica.<br \/>\n<img src=\"https:\/\/travexxxuras.com\/sexshop\/wp-content\/themes\/storefront\/images\/pagos.png\" \/><\/p>\n","protected":false},"featured_media":241,"comment_status":"closed","ping_status":"closed","template":"","meta":[],"_links":{"self":[{"href":"https:\/\/travexxxuras.com\/sexshop\/wp-json\/wp\/v2\/product\/239"}],"collection":[{"href":"https:\/\/travexxxuras.com\/sexshop\/wp-json\/wp\/v2\/product"}],"about":[{"href":"https:\/\/travexxxuras.com\/sexshop\/wp-json\/wp\/v2\/types\/product"}],"replies":[{"embeddable":true,"href":"https:\/\/travexxxuras.com\/sexshop\/wp-json\/wp\/v2\/comments?post=239"}],"wp:featuredmedia":[{"embeddable":true,"href":"https:\/\/travexxxuras.com\/sexshop\/wp-json\/wp\/v2\/media\/241"}],"wp:attachment":[{"href":"https:\/\/travexxxuras.com\/sexshop\/wp-json\/wp\/v2\/media?parent=239"}],"curies":[{"name":"wp","href":"https:\/\/api.w.org\/{rel}","templated":true}]}}