{"id":2145,"date":"2021-02-27T05:31:43","date_gmt":"2021-02-27T05:31:43","guid":{"rendered":"https:\/\/travexxxuras.com\/sexshop\/?post_type=product&#038;p=2145"},"modified":"2022-05-31T18:33:00","modified_gmt":"2022-05-31T18:33:00","slug":"penis-pump-con-manometro","status":"publish","type":"product","link":"https:\/\/travexxxuras.com\/sexshop\/producto\/penis-pump-con-manometro\/","title":{"rendered":"Penis Pump con Manometro"},"content":{"rendered":"<p>Aumentar el tama\u00f1o y la confianza sin medicamentos peligrosos o costosas cirug\u00edas con este uso f\u00e1cil de seguro y de ancho m\u00e1ximo ampliadora del pene.\u00a0<span class=\"a-list-item\">Disparador de una sola mano operaci\u00f3n con una manguera de Non-Crimp crea m\u00e1xima succi\u00f3n con el m\u00ednimo esfuerzo<\/span><\/p>\n","protected":false},"excerpt":{"rendered":"<p>Aumentar el tama\u00f1o y la confianza sin medicamentos peligrosos o costosas cirug\u00edas con este uso f\u00e1cil de seguro y de ancho m\u00e1ximo ampliadora del pene.\u00a0<span class=\"a-list-item\">Disparador de una sola mano operaci\u00f3n con una manguera de Non-Crimp crea m\u00e1xima succi\u00f3n con el m\u00ednimo esfuerzo<\/span><\/p>\n","protected":false},"featured_media":2150,"comment_status":"closed","ping_status":"closed","template":"","meta":[],"_links":{"self":[{"href":"https:\/\/travexxxuras.com\/sexshop\/wp-json\/wp\/v2\/product\/2145"}],"collection":[{"href":"https:\/\/travexxxuras.com\/sexshop\/wp-json\/wp\/v2\/product"}],"about":[{"href":"https:\/\/travexxxuras.com\/sexshop\/wp-json\/wp\/v2\/types\/product"}],"replies":[{"embeddable":true,"href":"https:\/\/travexxxuras.com\/sexshop\/wp-json\/wp\/v2\/comments?post=2145"}],"wp:featuredmedia":[{"embeddable":true,"href":"https:\/\/travexxxuras.com\/sexshop\/wp-json\/wp\/v2\/media\/2150"}],"wp:attachment":[{"href":"https:\/\/travexxxuras.com\/sexshop\/wp-json\/wp\/v2\/media?parent=2145"}],"curies":[{"name":"wp","href":"https:\/\/api.w.org\/{rel}","templated":true}]}}