{"id":2117,"date":"2021-02-27T03:37:32","date_gmt":"2021-02-27T03:37:32","guid":{"rendered":"https:\/\/travexxxuras.com\/sexshop\/?post_type=product&#038;p=2117"},"modified":"2021-02-27T03:40:57","modified_gmt":"2021-02-27T03:40:57","slug":"spray-retardante-peineili","status":"publish","type":"product","link":"https:\/\/travexxxuras.com\/sexshop\/producto\/spray-retardante-peineili\/","title":{"rendered":"Spray Retardante PEINEILI"},"content":{"rendered":"<p>Potente peineili Delay Spray sexual masculino, hombre Delay Cream 60 minutos de largo, evitar la eyaculaci\u00f3n precoz<br \/>\nIngrediente: sophora flavescens, syzygium aromaticum, spongilla fragilis lecidy, barkof japon\u00e9s Canela<br \/>\nUso: m\u00e9todo de aplicaci\u00f3n: pulverizar sobre el glande del pene y surco coronario con este producto 10 a 15 minutos antes de la relaci\u00f3n sexual, luego distribuir uniformemente, este producto es v\u00e1lido durante unos 60 minutos<br \/>\nTama\u00f1o: 1.7 fl oz<\/p>\n","protected":false},"excerpt":{"rendered":"<p>Potente peineili Delay Spray sexual masculino, hombre Delay Cream 60 minutos de largo, evitar la eyaculaci\u00f3n precoz.<\/p>\n","protected":false},"featured_media":2118,"comment_status":"closed","ping_status":"closed","template":"","meta":[],"_links":{"self":[{"href":"https:\/\/travexxxuras.com\/sexshop\/wp-json\/wp\/v2\/product\/2117"}],"collection":[{"href":"https:\/\/travexxxuras.com\/sexshop\/wp-json\/wp\/v2\/product"}],"about":[{"href":"https:\/\/travexxxuras.com\/sexshop\/wp-json\/wp\/v2\/types\/product"}],"replies":[{"embeddable":true,"href":"https:\/\/travexxxuras.com\/sexshop\/wp-json\/wp\/v2\/comments?post=2117"}],"wp:featuredmedia":[{"embeddable":true,"href":"https:\/\/travexxxuras.com\/sexshop\/wp-json\/wp\/v2\/media\/2118"}],"wp:attachment":[{"href":"https:\/\/travexxxuras.com\/sexshop\/wp-json\/wp\/v2\/media?parent=2117"}],"curies":[{"name":"wp","href":"https:\/\/api.w.org\/{rel}","templated":true}]}}