{"id":1718,"date":"2020-09-30T05:07:32","date_gmt":"2020-09-30T05:07:32","guid":{"rendered":"https:\/\/travexxxuras.com\/sexshop\/?post_type=product&#038;p=1718"},"modified":"2020-09-30T05:18:23","modified_gmt":"2020-09-30T05:18:23","slug":"plug-anal-grande-booty-sparks","status":"publish","type":"product","link":"https:\/\/travexxxuras.com\/sexshop\/producto\/plug-anal-grande-booty-sparks\/","title":{"rendered":"Plug anal grande Booty Sparks"},"content":{"rendered":"<p>\u00a1Enciende tu deseo de un juego anal decadente con este hermoso enchufe Booty Sparks!\u00a0Con un acabado de metal suave en aluminio ligero, presenta una forma c\u00f3nica cl\u00e1sica y una impresionante joya de cristal en la base.\u00a0El eje delgado evitar\u00e1 que se salga de su lugar incluso durante un juego vigoroso.\u00a0Querr\u00e1s lucir tu nuevo trasero brillante mientras te inclinas y te burlas de tu amante.\u00a0La aleaci\u00f3n de aluminio sin n\u00edquel tiene un peso agradable y es sensible a la temperatura para brindar la cantidad perfecta de sensaci\u00f3n.\u00a0Cuando termina el juego, el material no poroso se limpia f\u00e1cilmente sin albergar bacterias da\u00f1inas.\u00a0\u00a1Haz brillar ese trasero!<\/p>\n<p>Dimensiones:<br \/>\nLongitud total: 4<br \/>\npulg\u00a0.\u00a0Insertable: 3 pulg.<br \/>\nDi\u00e1metro: 1,6\u00a0pulg\u00a0.<\/p>\n","protected":false},"excerpt":{"rendered":"<p>\u00a1Enciende tu deseo de un juego anal decadente con este hermoso enchufe Booty Sparks!\u00a0Con un acabado de metal suave en aluminio ligero, presenta una forma c\u00f3nica cl\u00e1sica y una impresionante joya de cristal en la base.\u00a0El eje delgado evitar\u00e1 que se salga de su lugar incluso durante un juego vigoroso<\/p>\n","protected":false},"featured_media":1723,"comment_status":"closed","ping_status":"closed","template":"","meta":[],"_links":{"self":[{"href":"https:\/\/travexxxuras.com\/sexshop\/wp-json\/wp\/v2\/product\/1718"}],"collection":[{"href":"https:\/\/travexxxuras.com\/sexshop\/wp-json\/wp\/v2\/product"}],"about":[{"href":"https:\/\/travexxxuras.com\/sexshop\/wp-json\/wp\/v2\/types\/product"}],"replies":[{"embeddable":true,"href":"https:\/\/travexxxuras.com\/sexshop\/wp-json\/wp\/v2\/comments?post=1718"}],"wp:featuredmedia":[{"embeddable":true,"href":"https:\/\/travexxxuras.com\/sexshop\/wp-json\/wp\/v2\/media\/1723"}],"wp:attachment":[{"href":"https:\/\/travexxxuras.com\/sexshop\/wp-json\/wp\/v2\/media?parent=1718"}],"curies":[{"name":"wp","href":"https:\/\/api.w.org\/{rel}","templated":true}]}}