{"id":1703,"date":"2020-09-30T04:46:39","date_gmt":"2020-09-30T04:46:39","guid":{"rendered":"https:\/\/travexxxuras.com\/sexshop\/?post_type=product&#038;p=1703"},"modified":"2020-09-30T04:46:39","modified_gmt":"2020-09-30T04:46:39","slug":"really-ample-penis-enhancer","status":"publish","type":"product","link":"https:\/\/travexxxuras.com\/sexshop\/producto\/really-ample-penis-enhancer\/","title":{"rendered":"Really Ample Penis Enhancer"},"content":{"rendered":"<p>\u00a1Duplica el tama\u00f1o y la circunferencia con este potenciador de erecci\u00f3n AMPED UP!\u00a0Hecho de material TPR de color carne, por lo que es lo suficientemente el\u00e1stico como para caber sobre la mayor\u00eda de los penes.\u00a0Simplemente deslice su varilla en el eje hueco y coloque el anillo adjunto sobre los test\u00edculos.\u00a0Este potenciador ofrece m\u00e1s longitud y circunferencia para su pareja, mientras que el interior del eje hueco est\u00e1 forrado con protuberancias de sensaci\u00f3n para mayor placer para el usuario.\u00a0Una vez en su lugar, esta ampliadora duradera ayudar\u00e1 a que usted y su pareja est\u00e9n m\u00e1s satisfechos.<\/p>\n<p><b>Tama\u00f1o<\/b><br \/>\nInsertable Longitud: 6.5 &#8221;<br \/>\nDi\u00e1metro: 2&#8243; en el punto m\u00e1s ancho, 1.5 &#8220;apertura interior<\/p>\n","protected":false},"excerpt":{"rendered":"<p>\u00a1Duplica el tama\u00f1o y la circunferencia con este potenciador de erecci\u00f3n AMPED UP!\u00a0Hecho de material TPR de color carne, por lo que es lo suficientemente el\u00e1stico como para caber sobre la mayor\u00eda de los penes.\u00a0Simplemente deslice su varilla en el eje hueco y coloque el anillo adjunto sobre los test\u00edculos.<\/p>\n","protected":false},"featured_media":1707,"comment_status":"closed","ping_status":"closed","template":"","meta":[],"_links":{"self":[{"href":"https:\/\/travexxxuras.com\/sexshop\/wp-json\/wp\/v2\/product\/1703"}],"collection":[{"href":"https:\/\/travexxxuras.com\/sexshop\/wp-json\/wp\/v2\/product"}],"about":[{"href":"https:\/\/travexxxuras.com\/sexshop\/wp-json\/wp\/v2\/types\/product"}],"replies":[{"embeddable":true,"href":"https:\/\/travexxxuras.com\/sexshop\/wp-json\/wp\/v2\/comments?post=1703"}],"wp:featuredmedia":[{"embeddable":true,"href":"https:\/\/travexxxuras.com\/sexshop\/wp-json\/wp\/v2\/media\/1707"}],"wp:attachment":[{"href":"https:\/\/travexxxuras.com\/sexshop\/wp-json\/wp\/v2\/media?parent=1703"}],"curies":[{"name":"wp","href":"https:\/\/api.w.org\/{rel}","templated":true}]}}