{"id":1619,"date":"2020-09-29T22:56:57","date_gmt":"2020-09-29T22:56:57","guid":{"rendered":"https:\/\/travexxxuras.com\/sexshop\/?post_type=product&#038;p=1619"},"modified":"2020-09-29T22:56:57","modified_gmt":"2020-09-29T22:56:57","slug":"kit-explorador-anal","status":"publish","type":"product","link":"https:\/\/travexxxuras.com\/sexshop\/producto\/kit-explorador-anal\/","title":{"rendered":"Kit explorador anal"},"content":{"rendered":"<p>\u00bfEst\u00e1is t\u00fa y tu pareja de humor para explorar?\u00a0El Advanced Anal Explorer Kit \u2122 tiene todo lo que necesita para probar cosas nuevas, divertidas y emocionantes entre s\u00ed.\u00a0Est\u00e1 hecho de silicona pura y segura para el cuerpo, por lo que puede usarlo en cualquier lugar de manera segura y c\u00f3moda.\u00a0Este vers\u00e1til kit contiene una ducha anal con pera de vac\u00edo suave y flexible y punta c\u00f3nica extra\u00edble, una sonda anal ahusada con una base de ventosa superior, m\u00e1s una sonda premium graduada y en \u00e1ngulo que ofrece un efecto escalonado, similar a las perlas anales.\u00a0Los juguetes sexuales anales dentro del kit miden entre 3 pulgadas de largo y 4.55 pulgadas de largo, por lo que todos tienen un tama\u00f1o c\u00f3modo para brindar una experiencia f\u00e1cil y placentera.\u00a0Cada juguete para adultos ofrece la m\u00e1xima comodidad y un deslizamiento \u00f3ptimo para que los usuarios principiantes puedan disfrutar probando los productos, ya sea sobre s\u00ed mismos o con un compa\u00f1ero.\u00a0Para obtener el m\u00e1ximo placer y la mejor estimulaci\u00f3n posible, utilice siempre sus juguetes sexuales anales con un lubricante de alta calidad para una sensaci\u00f3n suave y emocionante.\u00a0Estos juguetes para adultos tambi\u00e9n son resistentes al agua, por lo que se pueden usar dentro o fuera del agua, lo que le permite llevarlos al ba\u00f1o o la ducha con usted.\u00a0Para una limpieza f\u00e1cil y conveniente, use un limpiador de juguetes sexuales antes y despu\u00e9s de cada uso.<\/p>\n<table id=\"product-attribute-specs-table\" class=\"data table additional-attributes\">\n<tbody>\n<tr>\n<th class=\"col label\" scope=\"row\">Color<\/th>\n<td class=\"col data\" data-th=\"Color\">Negro<\/td>\n<\/tr>\n<tr>\n<th class=\"col label\" scope=\"row\">Caracteristicas<\/th>\n<td class=\"col data\" data-th=\"Features\">Libre de ftalatos, resistente al agua<\/td>\n<\/tr>\n<tr>\n<th class=\"col label\" scope=\"row\">Garant\u00eda<\/th>\n<td class=\"col data\" data-th=\"Warranty\">1 a\u00f1o de garant\u00eda<\/td>\n<\/tr>\n<tr>\n<th class=\"col label\" scope=\"row\">Mediciones<\/th>\n<td class=\"col data\" data-th=\"Measurements\">4,5 &#8220;x 3&#8221; \/ 11,5 cm x 7,5 cm (bombilla)<br \/>\n4,5 &#8220;x 1,25&#8221; \/ 11,5 cm x 3,25 cm (sonda graduada)<br \/>\n4,25 &#8220;x 1,25&#8221; \/ 10,75 cm x 3,75 cm (sonda c\u00f3nica)<br \/>\n3 &#8220;\/ 7,5 cm ( Propina)<\/td>\n<\/tr>\n<\/tbody>\n<\/table>\n","protected":false},"excerpt":{"rendered":"<p>\u00bfEst\u00e1is t\u00fa y tu pareja de humor para explorar?\u00a0El Advanced Anal Explorer Kit \u2122 tiene todo lo que necesita para probar cosas nuevas, divertidas y emocionantes entre s\u00ed.\u00a0Est\u00e1 hecho de silicona pura y segura para el cuerpo, por lo que puede usarlo en cualquier lugar de manera segura y c\u00f3moda.<\/p>\n","protected":false},"featured_media":1621,"comment_status":"closed","ping_status":"closed","template":"","meta":[],"_links":{"self":[{"href":"https:\/\/travexxxuras.com\/sexshop\/wp-json\/wp\/v2\/product\/1619"}],"collection":[{"href":"https:\/\/travexxxuras.com\/sexshop\/wp-json\/wp\/v2\/product"}],"about":[{"href":"https:\/\/travexxxuras.com\/sexshop\/wp-json\/wp\/v2\/types\/product"}],"replies":[{"embeddable":true,"href":"https:\/\/travexxxuras.com\/sexshop\/wp-json\/wp\/v2\/comments?post=1619"}],"wp:featuredmedia":[{"embeddable":true,"href":"https:\/\/travexxxuras.com\/sexshop\/wp-json\/wp\/v2\/media\/1621"}],"wp:attachment":[{"href":"https:\/\/travexxxuras.com\/sexshop\/wp-json\/wp\/v2\/media?parent=1619"}],"curies":[{"name":"wp","href":"https:\/\/api.w.org\/{rel}","templated":true}]}}