{"id":1589,"date":"2020-09-29T03:33:31","date_gmt":"2020-09-29T03:33:31","guid":{"rendered":"https:\/\/travexxxuras.com\/sexshop\/?post_type=product&#038;p=1589"},"modified":"2023-08-02T22:16:11","modified_gmt":"2023-08-02T22:16:11","slug":"vibrating-dildo-with-balls-10%e2%80%b3-chocolate","status":"publish","type":"product","link":"https:\/\/travexxxuras.com\/sexshop\/producto\/vibrating-dildo-with-balls-10%e2%80%b3-chocolate\/","title":{"rendered":"Vibrating Dildo with Balls 10\u2033- Chocolate"},"content":{"rendered":"<p style=\"padding-left: 40px;\">\u00a1Nuestros nuevos consoladores vibradores King Cock son las pollas vibratorias fabricadas en Estados Unidos m\u00e1s realistas del mundo!\u00a0Cada vena, cada eje y cada cabeza est\u00e1n hechos a mano con una exquisita atenci\u00f3n al detalle para brindarle la experiencia m\u00e1s realista imaginada.\u00a0Los ejes posables le permiten doblar la vibraci\u00f3n para adaptarse a los contornos de su cuerpo, mientras que el potente motor lo lleva r\u00e1pidamente.\u00a0Las bases de ventosa extra\u00edbles s\u00faper resistentes se adhieren a casi cualquier superficie plana y hacen que todos los arneses King Cock Vibes sean compatibles.\u00a0\u00a1Incluso puede llevar estas vibraciones impermeables a la ducha, el jacuzzi o el spa y convertir la hora del ba\u00f1o en tiempo de juego!<\/p>\n<p>Caracter\u00edsticas y funciones: Realista (Fanta Flesh), Libre de ftalatos, Ventosa, Impermeable, Compatible con arn\u00e9s, Varias velocidades, Vibra<br \/>\nInformaci\u00f3n de la bater\u00eda: Requiere 3 AAA.<br \/>\nMaterial de las\u00a0bater\u00edas (no incluidas)\u00a0: PVC, pl\u00e1stico ABS<\/p>\n","protected":false},"excerpt":{"rendered":"<blockquote>\n<p style=\"padding-left: 120px;\">\u00a1Nuestros nuevos consoladores vibradores King Cock son las pollas vibratorias fabricadas en Estados Unidos m\u00e1s realistas del mundo!\u00a0Cada vena, cada eje y cada cabeza est\u00e1n hechos a mano con una exquisita atenci\u00f3n al detalle para brindarle la experiencia m\u00e1s realista imaginada<\/p>\n<\/blockquote>\n","protected":false},"featured_media":1592,"comment_status":"closed","ping_status":"closed","template":"","meta":[],"_links":{"self":[{"href":"https:\/\/travexxxuras.com\/sexshop\/wp-json\/wp\/v2\/product\/1589"}],"collection":[{"href":"https:\/\/travexxxuras.com\/sexshop\/wp-json\/wp\/v2\/product"}],"about":[{"href":"https:\/\/travexxxuras.com\/sexshop\/wp-json\/wp\/v2\/types\/product"}],"replies":[{"embeddable":true,"href":"https:\/\/travexxxuras.com\/sexshop\/wp-json\/wp\/v2\/comments?post=1589"}],"wp:featuredmedia":[{"embeddable":true,"href":"https:\/\/travexxxuras.com\/sexshop\/wp-json\/wp\/v2\/media\/1592"}],"wp:attachment":[{"href":"https:\/\/travexxxuras.com\/sexshop\/wp-json\/wp\/v2\/media?parent=1589"}],"curies":[{"name":"wp","href":"https:\/\/api.w.org\/{rel}","templated":true}]}}