{"id":1582,"date":"2020-09-29T03:20:55","date_gmt":"2020-09-29T03:20:55","guid":{"rendered":"https:\/\/travexxxuras.com\/sexshop\/?post_type=product&#038;p=1582"},"modified":"2023-03-07T15:33:36","modified_gmt":"2023-03-07T15:33:36","slug":"bomba-de-vagina-vibrante","status":"publish","type":"product","link":"https:\/\/travexxxuras.com\/sexshop\/producto\/bomba-de-vagina-vibrante\/","title":{"rendered":"Bomba de vagina vibrante"},"content":{"rendered":"<p>\u00a1Observa c\u00f3mo tu co\u00f1o se hincha a nuevos extremos con la bomba de co\u00f1o vibrante extrema Fetish Fantasy!\u00a0Simplemente coloque la taza contorneada sobre los labios de su vagina, luego active la s\u00faper succi\u00f3n de alta intensidad tirando de la palanca de la bomba de estilo m\u00e9dico de f\u00e1cil agarre.\u00a0Una vez que la bomba est\u00e9 ajustada alrededor de tus labios extraordinariamente enormes, \u00a1estimula el oleaje con un zumbido vibrante activando la bala de m\u00faltiples velocidades!\u00a0Con un r\u00e1pido giro del dial en la unidad de control manual, su co\u00f1o se llenar\u00e1 de pasi\u00f3n y vibrar\u00e1 de placer.\u00a0Para aliviar la presi\u00f3n, simplemente presione la v\u00e1lvula de liberaci\u00f3n r\u00e1pida y estar\u00e1 listo para divertirse a lo grande.\u00a0La bala vibratoria tambi\u00e9n se puede quitar de la carcasa de la bomba, lo que le permite estimular sus pezones u otras zonas er\u00f3genas mientras disfruta de la succi\u00f3n de la bomba.\u00a0La limpieza es muy sencilla despu\u00e9s de la diversi\u00f3n con Pipedream Toy Cleaner y agua tibia.<\/p>\n","protected":false},"excerpt":{"rendered":"<p>\u00a1Observa c\u00f3mo tu co\u00f1o se hincha a nuevos extremos con la bomba de co\u00f1o vibrante extrema Fetish Fantasy!\u00a0Simplemente coloque la taza contorneada sobre los labios de su vagina, luego active la s\u00faper succi\u00f3n de alta intensidad tirando de la palanca de la bomba de estilo m\u00e9dico de f\u00e1cil agarre.<\/p>\n","protected":false},"featured_media":0,"comment_status":"closed","ping_status":"closed","template":"","meta":[],"_links":{"self":[{"href":"https:\/\/travexxxuras.com\/sexshop\/wp-json\/wp\/v2\/product\/1582"}],"collection":[{"href":"https:\/\/travexxxuras.com\/sexshop\/wp-json\/wp\/v2\/product"}],"about":[{"href":"https:\/\/travexxxuras.com\/sexshop\/wp-json\/wp\/v2\/types\/product"}],"replies":[{"embeddable":true,"href":"https:\/\/travexxxuras.com\/sexshop\/wp-json\/wp\/v2\/comments?post=1582"}],"wp:attachment":[{"href":"https:\/\/travexxxuras.com\/sexshop\/wp-json\/wp\/v2\/media?parent=1582"}],"curies":[{"name":"wp","href":"https:\/\/api.w.org\/{rel}","templated":true}]}}