{"id":1568,"date":"2020-09-29T02:57:18","date_gmt":"2020-09-29T02:57:18","guid":{"rendered":"https:\/\/travexxxuras.com\/sexshop\/?post_type=product&#038;p=1568"},"modified":"2021-12-15T01:48:44","modified_gmt":"2021-12-15T01:48:44","slug":"protesis-vibrante-con-bolas-y-arnes-7%e2%80%b3","status":"publish","type":"product","link":"https:\/\/travexxxuras.com\/sexshop\/producto\/protesis-vibrante-con-bolas-y-arnes-7%e2%80%b3\/","title":{"rendered":"Protesis vibrante con bolas y arn\u00e9s 7\u2033"},"content":{"rendered":"<p>Ahora puede tener la longitud y el grosor que siempre ha so\u00f1ado y ser todo el hombre que puede ser.\u00a0El c\u00f3modo arn\u00e9s el\u00e1stico se ajusta f\u00e1cilmente para adaptarse a la mayor\u00eda de tallas.\u00a0La bala s\u00faper fuerte de varias velocidades ofrece vibraciones emocionantes en la punta del consolador precisamente donde m\u00e1s las desea, y nuestro exclusivo clip para la cintura de manos libres le permite mantener el controlador a su lado y fuera del camino de la diversi\u00f3n.<\/p>\n<p><b>Medidas:<\/b><br \/>\n-Longitud: 7.4 pulgadas<br \/>\n-Longitud insertable: 7\u00a0pulgadas\u00a0-Ancho<br \/>\n\/ di\u00e1metro: 1.7 pulgadas<br \/>\n-Longitud interior hueca: 4.1 pulgadas<br \/>\n-Di\u00e1metro interior hueco: 1.7 pulgadas<br \/>\n-Se adapta a la cintura: 28-52 pulgadas<\/p>\n","protected":false},"excerpt":{"rendered":"<p>Ahora puede tener la longitud y el grosor que siempre ha so\u00f1ado y ser todo el hombre que puede ser.\u00a0El c\u00f3modo arn\u00e9s el\u00e1stico se ajusta f\u00e1cilmente para adaptarse a la mayor\u00eda de tallas.\u00a0La bala s\u00faper fuerte de varias velocidades ofrece vibraciones emocionantes en la punta del consolador precisamente donde m\u00e1s las desea, y nuestro exclusivo clip para la cintura de manos libres le permite mantener el controlador a su lado y fuera del camino de la diversi\u00f3n<\/p>\n","protected":false},"featured_media":1570,"comment_status":"closed","ping_status":"closed","template":"","meta":[],"_links":{"self":[{"href":"https:\/\/travexxxuras.com\/sexshop\/wp-json\/wp\/v2\/product\/1568"}],"collection":[{"href":"https:\/\/travexxxuras.com\/sexshop\/wp-json\/wp\/v2\/product"}],"about":[{"href":"https:\/\/travexxxuras.com\/sexshop\/wp-json\/wp\/v2\/types\/product"}],"replies":[{"embeddable":true,"href":"https:\/\/travexxxuras.com\/sexshop\/wp-json\/wp\/v2\/comments?post=1568"}],"wp:featuredmedia":[{"embeddable":true,"href":"https:\/\/travexxxuras.com\/sexshop\/wp-json\/wp\/v2\/media\/1570"}],"wp:attachment":[{"href":"https:\/\/travexxxuras.com\/sexshop\/wp-json\/wp\/v2\/media?parent=1568"}],"curies":[{"name":"wp","href":"https:\/\/api.w.org\/{rel}","templated":true}]}}