{"id":1533,"date":"2020-09-28T20:53:46","date_gmt":"2020-09-28T20:53:46","guid":{"rendered":"https:\/\/travexxxuras.com\/sexshop\/?post_type=product&#038;p=1533"},"modified":"2020-09-28T20:53:46","modified_gmt":"2020-09-28T20:53:46","slug":"ovo-l1-silicone-love-balls","status":"publish","type":"product","link":"https:\/\/travexxxuras.com\/sexshop\/producto\/ovo-l1-silicone-love-balls\/","title":{"rendered":"Ovo L1 Silicone Love Balls"},"content":{"rendered":"<p>Las bolas de amor L1 de dise\u00f1o alem\u00e1n de ovo se enrollan suavemente y cuentan con una correa con joyas.<br \/>\nEl L1 es impermeable, inaudible y est\u00e1 fabricado con material de silicona 100% seguro para el cuerpo, sin plomo, sin ftalatos.<\/p>\n<p>El L1 ha sido galardonado con un premio de dise\u00f1o red dot &#8211; menci\u00f3n honor\u00edfica 2013.<\/p>\n","protected":false},"excerpt":{"rendered":"<p>Las bolas de amor L1 de dise\u00f1o alem\u00e1n de ovo se enrollan suavemente y cuentan con una correa con joyas.<br \/>\nEl L1 es impermeable, inaudible y est\u00e1 fabricado con material de silicona 100% seguro para el cuerpo, sin plomo, sin ftalatos.<\/p>\n<p>El L1 ha sido galardonado con un premio de dise\u00f1o red dot &#8211; menci\u00f3n honor\u00edfica 2013.<\/p>\n","protected":false},"featured_media":1535,"comment_status":"closed","ping_status":"closed","template":"","meta":[],"_links":{"self":[{"href":"https:\/\/travexxxuras.com\/sexshop\/wp-json\/wp\/v2\/product\/1533"}],"collection":[{"href":"https:\/\/travexxxuras.com\/sexshop\/wp-json\/wp\/v2\/product"}],"about":[{"href":"https:\/\/travexxxuras.com\/sexshop\/wp-json\/wp\/v2\/types\/product"}],"replies":[{"embeddable":true,"href":"https:\/\/travexxxuras.com\/sexshop\/wp-json\/wp\/v2\/comments?post=1533"}],"wp:featuredmedia":[{"embeddable":true,"href":"https:\/\/travexxxuras.com\/sexshop\/wp-json\/wp\/v2\/media\/1535"}],"wp:attachment":[{"href":"https:\/\/travexxxuras.com\/sexshop\/wp-json\/wp\/v2\/media?parent=1533"}],"curies":[{"name":"wp","href":"https:\/\/api.w.org\/{rel}","templated":true}]}}