{"id":1470,"date":"2020-09-26T03:34:08","date_gmt":"2020-09-26T03:34:08","guid":{"rendered":"https:\/\/travexxxuras.com\/sexshop\/?post_type=product&#038;p=1470"},"modified":"2023-03-07T15:31:15","modified_gmt":"2023-03-07T15:31:15","slug":"ultraskyn-vicky-vette","status":"publish","type":"product","link":"https:\/\/travexxxuras.com\/sexshop\/producto\/ultraskyn-vicky-vette\/","title":{"rendered":"ULTRASKYN Vicky Vette"},"content":{"rendered":"<div class=\"product-collateral\">\n<div class=\"box-collateral box-description\">\n<div class=\"std\">\u00a1Moldeado directamente por la superestrella del MILF Vicky Vette, Vicky Quickie es un masturbador con forma de co\u00f1o de tama\u00f1o perfecto para cuando necesitas entrar y salir r\u00e1pidamente!\u00a0Hecho de UltraSKYN \u2122 ultra realista y seguro para el cuerpo, y fabricado con orgullo en Estados Unidos.<\/div>\n<\/div>\n<\/div>\n<p><img class=\"product-chars\" src=\"https:\/\/www.docjohnson.com\/media\/wysiwyg\/dJTheme\/what-icons\/made-in-america.png\" \/>\u00a0<img class=\"product-chars\" src=\"https:\/\/www.docjohnson.com\/media\/wysiwyg\/dJTheme\/what-icons\/pf.png\" \/>\u00a0<img class=\"product-chars\" src=\"https:\/\/www.docjohnson.com\/media\/wysiwyg\/dJTheme\/what-icons\/tpe.png\" \/>\u00a0<img class=\"product-chars\" src=\"https:\/\/www.docjohnson.com\/media\/wysiwyg\/dJTheme\/what-icons\/ur3.png\" \/><\/p>\n<p>\u2022 Moldeado directamente de la superestrella MILF Vicky Vette<br \/>\n\u2022 Hecho a mano con ULTRASKYN, para la m\u00e1xima sensaci\u00f3n<br \/>\n\u2022 Interior apretado y texturizado<br \/>\n\u2022 F\u00e1cil de usar en la mano<br \/>\n\u2022 Sin ftalatos, seguro para el cuerpo<br \/>\n\u2022 Fabricado con orgullo en Estados Unidos<\/p>\n","protected":false},"excerpt":{"rendered":"<p>\u00a1Moldeado directamente por la superestrella del MILF Vicky Vette, Vicky Quickie es un masturbador con forma de co\u00f1o de tama\u00f1o perfecto para cuando necesitas entrar y salir r\u00e1pidamente!\u00a0Hecho de UltraSKYN \u2122 ultra realista y seguro para el cuerpo, y fabricado con orgullo en Estados Unidos.<\/p>\n","protected":false},"featured_media":1471,"comment_status":"closed","ping_status":"closed","template":"","meta":[],"_links":{"self":[{"href":"https:\/\/travexxxuras.com\/sexshop\/wp-json\/wp\/v2\/product\/1470"}],"collection":[{"href":"https:\/\/travexxxuras.com\/sexshop\/wp-json\/wp\/v2\/product"}],"about":[{"href":"https:\/\/travexxxuras.com\/sexshop\/wp-json\/wp\/v2\/types\/product"}],"replies":[{"embeddable":true,"href":"https:\/\/travexxxuras.com\/sexshop\/wp-json\/wp\/v2\/comments?post=1470"}],"wp:featuredmedia":[{"embeddable":true,"href":"https:\/\/travexxxuras.com\/sexshop\/wp-json\/wp\/v2\/media\/1471"}],"wp:attachment":[{"href":"https:\/\/travexxxuras.com\/sexshop\/wp-json\/wp\/v2\/media?parent=1470"}],"curies":[{"name":"wp","href":"https:\/\/api.w.org\/{rel}","templated":true}]}}