{"id":1402,"date":"2020-09-25T19:09:57","date_gmt":"2020-09-25T19:09:57","guid":{"rendered":"https:\/\/travexxxuras.com\/sexshop\/?post_type=product&#038;p=1402"},"modified":"2020-09-25T19:30:53","modified_gmt":"2020-09-25T19:30:53","slug":"flirty-pink","status":"publish","type":"product","link":"https:\/\/travexxxuras.com\/sexshop\/producto\/flirty-pink\/","title":{"rendered":"Flirty Pink"},"content":{"rendered":"<div>Pillow Talk es una colecci\u00f3n que expresa belleza, diversi\u00f3n y poder, y Flirty no es una excepci\u00f3n.\u00a0Su dise\u00f1o suave y flexible promueve la exploraci\u00f3n l\u00fadica, mientras que su peque\u00f1o tama\u00f1o lo hace perfecto para llevarlo a donde quiera que vaya.\u00a0No dejes que el tama\u00f1o te enga\u00f1e, Flirty tiene suficiente fuerza incluso para los amantes del poder m\u00e1s experimentados.<\/div>\n<div><\/div>\n<div>Desde el asa con una textura de coj\u00edn acolchado hasta el deslumbrante bot\u00f3n de cristal, todas y cada una de las caracter\u00edsticas de Flirty est\u00e1n pensadas para ti.<\/div>\n<div><\/div>\n<div>Con la bater\u00eda recargable y el cable de carga USB incluido, Pillow Talk siempre est\u00e1 listo cuando t\u00fa lo est\u00e1s.<\/div>\n<div><\/div>\n<div>\u00a1Coquetea con Pillow Talk!<\/div>\n<ul>\n<li>Material: silicona<\/li>\n<li>Desarrollado por: Bater\u00eda recargable de pol\u00edmero de litio de 350 MAH3.7V (cargador incluido)<\/li>\n<li>Instrucciones:<\/li>\n<li>\n<p style=\"font-weight: 400;\">Flirty debe venir con una peque\u00f1a carga inicial y viajar bloqueado fuera de la caja.\u00a0Si no tiene carga, c\u00e1rguelo siguiendo las instrucciones de la secci\u00f3n de carga a continuaci\u00f3n.<\/p>\n<p style=\"font-weight: 400;\">Bloqueo de viaje:<\/p>\n<p style=\"font-weight: 400;\">Presione r\u00e1pidamente el bot\u00f3n 3 veces hasta que sienta 2 vibraciones.<\/p>\n<p style=\"font-weight: 400;\">ENCENDIDO APAGADO:<\/p>\n<p style=\"font-weight: 400;\">Encienda el vibrador presionando el bot\u00f3n de encendido.\u00a0La luz LED se encender\u00e1 cuando el vibrador est\u00e9 encendido.\u00a0Mientras est\u00e1 encendido, puede apagarlo en cualquier momento presionando el bot\u00f3n una vez.<\/p>\n<p style=\"font-weight: 400;\">C\u00f3mo utilizar:<\/p>\n<p style=\"font-weight: 400;\">&#8220;Mantenga presionado&#8221; el bot\u00f3n para aumentar la intensidad<\/p>\n<p style=\"font-weight: 400;\">de la vibraci\u00f3n.<\/p>\n<p style=\"font-weight: 400;\">Limpieza:<\/p>\n<p style=\"font-weight: 400;\">Hay un cepillo de limpieza incluido que<\/p>\n<p style=\"font-weight: 400;\">le ayudar\u00e1 a limpiar adecuadamente las ranuras de la banda met\u00e1lica y alrededor del bot\u00f3n.<\/p>\n<p style=\"font-weight: 400;\">Nota: Los art\u00edculos Pillow TalkTM son resistentes al agua.\u00a0Limpiar con un pa\u00f1o h\u00famedo y un limpiador de juguetes o agua tibia con jab\u00f3n.\u00a0No sumergir.<\/p>\n<p style=\"font-weight: 400;\">Cargando:<\/p>\n<p style=\"font-weight: 400;\">Inserte la clavija del cable USB en el puerto de carga autosellante en el costado del producto y luego conecte el cable USB a un adaptador de pared USB.\u00a0Mientras la unidad se est\u00e1 cargando, la luz LED parpadear\u00e1 lentamente.\u00a0Cuando haya terminado de cargarse, la luz estar\u00e1 fija.\u00a0Una vez completada la carga, el producto se desbloquear\u00e1 autom\u00e1ticamente y estar\u00e1 listo para su uso.<\/p>\n<p style=\"font-weight: 400;\">Precauciones de salud y seguridad:<\/p>\n<ul>\n<li style=\"font-weight: 400;\">No cargue cerca del agua.<\/li>\n<li style=\"font-weight: 400;\">No cargue si el cable USB parece estar da\u00f1ado.<\/li>\n<li style=\"font-weight: 400;\">No utilice otros cables USB con su producto si el que se proporciona est\u00e1 fuera de lugar.<\/li>\n<li style=\"font-weight: 400;\">No coloque el producto en el lavavajillas o microondas, lo da\u00f1ar\u00e1.<\/li>\n<li style=\"font-weight: 400;\">Este producto se vende \u00fanicamente como novedad.No est\u00e1 destinado a aplicaciones m\u00e9dicas ni a ning\u00fan uso que tenga un efecto adverso en alguna funci\u00f3n del cuerpo.<\/li>\n<li style=\"font-weight: 400;\">Utilice un limpiador de juguetes para todas sus necesidades de limpieza, antes y despu\u00e9s de su uso.<\/li>\n<li style=\"font-weight: 400;\">Para evitar lesiones o agravamiento de condiciones f\u00edsicas preexistentes, este dispositivo no debe usarse en \u00e1reas de piel hinchadas o inflamadas.Lavar antes y despu\u00e9s de su uso.No lo comparta con otras parejas sexuales.\u00a0Ayude a prevenir otras enfermedades sexuales mediante el uso de condones, educaci\u00f3n sexual, juicio adecuado y atenci\u00f3n rigurosa y diligente.<\/li>\n<li style=\"font-weight: 400;\">Nunca permita que los ni\u00f1os jueguen con este producto.<\/li>\n<li style=\"font-weight: 400;\">En caso de embarazo, diabetes o enfermedad, consulte a su m\u00e9dico antes de usar.<\/li>\n<li style=\"font-weight: 400;\">Cuando viaje, aseg\u00farese siempre de que este producto se haya apagado y bloqueado correctamente.<\/li>\n<li style=\"font-weight: 400;\">No lo use si la silicona parece rota o da\u00f1ada.<\/li>\n<li style=\"font-weight: 400;\">Utilice \u00fanicamente un lubricante a base de agua con este producto, ya que se sabe que los lubricantes a base de silicona da\u00f1an los productos de silicona.<\/li>\n<\/ul>\n<p style=\"font-weight: 400;\">Almacenamiento:<\/p>\n<ul>\n<li style=\"font-weight: 400;\">Evite el calor extremo.<\/li>\n<li style=\"font-weight: 400;\">Cuando no est\u00e9 en uso, guarde este producto en un lugar fresco y seco lejos del alcance de los ni\u00f1os.<\/li>\n<li style=\"font-weight: 400;\">Mantenga su producto en un lugar libre de polvo y lejos del contacto con cualquier otro material o producto similar.<\/li>\n<\/ul>\n<p style=\"font-weight: 400;\">Bater\u00eda: litio 145 mAh<\/p>\n<p style=\"font-weight: 400;\">Tiempo de ejecuci\u00f3n: hasta 2 horas<\/p>\n<p style=\"font-weight: 400;\">Frecuencia de vibraci\u00f3n: 9000 RPM<\/p>\n<p style=\"font-weight: 400;\">Salida: 3,7 V<\/p>\n<p style=\"font-weight: 400;\">Peso: 40 +\/- 5g (sin incluir el cable USB)<\/p>\n<p style=\"font-weight: 400;\">Composici\u00f3n: Silicona, ABS<\/p>\n<p style=\"font-weight: 400;\">Tiempo de carga: aproximadamente 1 hora<\/p>\n<\/li>\n<\/ul>\n","protected":false},"excerpt":{"rendered":"<p>Pillow Talk es una colecci\u00f3n que expresa belleza, diversi\u00f3n y poder, y Flirty no es una excepci\u00f3n.\u00a0Su dise\u00f1o suave y flexible promueve la exploraci\u00f3n l\u00fadica, mientras que su peque\u00f1o tama\u00f1o lo hace perfecto para llevarlo a donde quiera que vaya.\u00a0No dejes que el tama\u00f1o te enga\u00f1e, Flirty tiene suficiente fuerza incluso para los amantes del poder m\u00e1s experimentados.<\/p>\n","protected":false},"featured_media":1406,"comment_status":"closed","ping_status":"closed","template":"","meta":[],"_links":{"self":[{"href":"https:\/\/travexxxuras.com\/sexshop\/wp-json\/wp\/v2\/product\/1402"}],"collection":[{"href":"https:\/\/travexxxuras.com\/sexshop\/wp-json\/wp\/v2\/product"}],"about":[{"href":"https:\/\/travexxxuras.com\/sexshop\/wp-json\/wp\/v2\/types\/product"}],"replies":[{"embeddable":true,"href":"https:\/\/travexxxuras.com\/sexshop\/wp-json\/wp\/v2\/comments?post=1402"}],"wp:featuredmedia":[{"embeddable":true,"href":"https:\/\/travexxxuras.com\/sexshop\/wp-json\/wp\/v2\/media\/1406"}],"wp:attachment":[{"href":"https:\/\/travexxxuras.com\/sexshop\/wp-json\/wp\/v2\/media?parent=1402"}],"curies":[{"name":"wp","href":"https:\/\/api.w.org\/{rel}","templated":true}]}}