{"id":1381,"date":"2020-09-25T05:35:40","date_gmt":"2020-09-25T05:35:40","guid":{"rendered":"https:\/\/travexxxuras.com\/sexshop\/?post_type=product&#038;p=1381"},"modified":"2020-09-25T05:35:40","modified_gmt":"2020-09-25T05:35:40","slug":"anillo-vibrador-para-el-pene-con-doble-correa","status":"publish","type":"product","link":"https:\/\/travexxxuras.com\/sexshop\/producto\/anillo-vibrador-para-el-pene-con-doble-correa\/","title":{"rendered":"Anillo vibrador para el pene con doble correa"},"content":{"rendered":"<p>Descubra el placer intenso durante el acto sexual The Player Vibrating Cock Ring.\u00a0Funciona con una pila AAA.\u00a0Su anillo emite fuertes vibraciones que complacer\u00e1n a ambos socios simult\u00e1neamente.\u00a0Estire el anillo m\u00e1s peque\u00f1o alrededor de la base del pene y el anillo m\u00e1s grande detr\u00e1s del escroto.\u00a0Presione el bot\u00f3n para iniciar las vibraciones.\u00a0Usa el anillo y la bala juntos, usa solo la bala o usa solo el anillo.\u00a0El juguete perfecto para la pareja y tambi\u00e9n el juguete perfecto en solitario.<\/p>\n<div>Tipo de material: TPE<\/div>\n<div>Textura: Suave<\/div>\n<div>Libre de ftalato:<\/div>\n<div>Tipo de pilas: AAA<\/div>\n<div>Color morado<\/div>\n<p>Longitud insertable:<\/p>\n<div>\n<div>Circunferencia:<\/p>\n<div>Largo: 2.70 pulgadas<\/p>\n<div>Ancho: 2 pulgadas<\/p>\n<div>Peso del producto: 1.0 onzas<\/p>\n<div>Pilas: AAA<\/p>\n<div>N\u00famero de bater\u00edas: 1<\/div>\n<\/div>\n<\/div>\n<\/div>\n<\/div>\n<\/div>\n<\/div>\n","protected":false},"excerpt":{"rendered":"<p>Descubra el placer intenso durante el acto sexual The Player Vibrating Cock Ring.\u00a0Funciona con una pila AAA.\u00a0Su anillo emite fuertes vibraciones que complacer\u00e1n a ambos socios simult\u00e1neamente.\u00a0Estire el anillo m\u00e1s peque\u00f1o alrededor de la base del pene y el anillo m\u00e1s grande detr\u00e1s del escroto.<\/p>\n","protected":false},"featured_media":1382,"comment_status":"closed","ping_status":"closed","template":"","meta":[],"_links":{"self":[{"href":"https:\/\/travexxxuras.com\/sexshop\/wp-json\/wp\/v2\/product\/1381"}],"collection":[{"href":"https:\/\/travexxxuras.com\/sexshop\/wp-json\/wp\/v2\/product"}],"about":[{"href":"https:\/\/travexxxuras.com\/sexshop\/wp-json\/wp\/v2\/types\/product"}],"replies":[{"embeddable":true,"href":"https:\/\/travexxxuras.com\/sexshop\/wp-json\/wp\/v2\/comments?post=1381"}],"wp:featuredmedia":[{"embeddable":true,"href":"https:\/\/travexxxuras.com\/sexshop\/wp-json\/wp\/v2\/media\/1382"}],"wp:attachment":[{"href":"https:\/\/travexxxuras.com\/sexshop\/wp-json\/wp\/v2\/media?parent=1381"}],"curies":[{"name":"wp","href":"https:\/\/api.w.org\/{rel}","templated":true}]}}