{"id":1374,"date":"2020-09-25T05:29:48","date_gmt":"2020-09-25T05:29:48","guid":{"rendered":"https:\/\/travexxxuras.com\/sexshop\/?post_type=product&#038;p=1374"},"modified":"2020-09-25T05:29:48","modified_gmt":"2020-09-25T05:29:48","slug":"anillo-vibrador-de-doble-correa-para-el-pene","status":"publish","type":"product","link":"https:\/\/travexxxuras.com\/sexshop\/producto\/anillo-vibrador-de-doble-correa-para-el-pene\/","title":{"rendered":"Anillo vibrador de doble correa para el pene"},"content":{"rendered":"<p>Descubra el placer intenso durante las relaciones sexuales con su anillo vibrador para el pene Lick It.\u00a0Funciona con una pila AAA.\u00a0Su anillo cuenta con una bala que emite vibraciones profundas que complacer\u00e1n a ambos socios simult\u00e1neamente.\u00a0Su forma de lengua tambi\u00e9n es ideal para la estimulaci\u00f3n del cl\u00edtoris.\u00a0Estire el anillo m\u00e1s peque\u00f1o alrededor de la base del pene y el m\u00e1s grande detr\u00e1s del escroto.\u00a0Presione el bot\u00f3n para iniciar las vibraciones.\u00a0Usa el anillo y la bala juntos, usa solo la bala o usa solo el anillo.\u00a0El juguete perfecto para la pareja y tambi\u00e9n el juguete perfecto en solitario.<\/p>\n<div>Tipo de material: TPE<\/div>\n<div>Textura: Cosquillas<\/div>\n<div>Libre de ftalato:<\/div>\n<div>Tipo de pilas: AAA<\/div>\n<div>Color morado<\/div>\n<p>Longitud insertable:<\/p>\n<div>\n<div>Circunferencia:<\/p>\n<div>Longitud: 4 pulgadas<\/p>\n<div>Ancho: 2,5 pulgadas<\/p>\n<div>Peso del producto: 2,3 onzas<\/p>\n<div>Pilas: AAA<\/p>\n<div>N\u00famero de bater\u00edas: 1<\/div>\n<\/div>\n<\/div>\n<\/div>\n<\/div>\n<\/div>\n<\/div>\n","protected":false},"excerpt":{"rendered":"<p>Descubra el placer intenso durante las relaciones sexuales con su anillo vibrador para el pene Lick It.\u00a0Funciona con una pila AAA.\u00a0Su anillo cuenta con una bala que emite vibraciones profundas que complacer\u00e1n a ambos socios simult\u00e1neamente.\u00a0Su forma de lengua tambi\u00e9n es ideal para la estimulaci\u00f3n del cl\u00edtoris.\u00a0Estire el anillo m\u00e1s peque\u00f1o alrededor de la base del pene y el m\u00e1s grande detr\u00e1s del escroto.<\/p>\n","protected":false},"featured_media":1375,"comment_status":"closed","ping_status":"closed","template":"","meta":[],"_links":{"self":[{"href":"https:\/\/travexxxuras.com\/sexshop\/wp-json\/wp\/v2\/product\/1374"}],"collection":[{"href":"https:\/\/travexxxuras.com\/sexshop\/wp-json\/wp\/v2\/product"}],"about":[{"href":"https:\/\/travexxxuras.com\/sexshop\/wp-json\/wp\/v2\/types\/product"}],"replies":[{"embeddable":true,"href":"https:\/\/travexxxuras.com\/sexshop\/wp-json\/wp\/v2\/comments?post=1374"}],"wp:featuredmedia":[{"embeddable":true,"href":"https:\/\/travexxxuras.com\/sexshop\/wp-json\/wp\/v2\/media\/1375"}],"wp:attachment":[{"href":"https:\/\/travexxxuras.com\/sexshop\/wp-json\/wp\/v2\/media?parent=1374"}],"curies":[{"name":"wp","href":"https:\/\/api.w.org\/{rel}","templated":true}]}}