{"id":1348,"date":"2020-09-25T04:14:40","date_gmt":"2020-09-25T04:14:40","guid":{"rendered":"https:\/\/travexxxuras.com\/sexshop\/?post_type=product&#038;p=1348"},"modified":"2022-04-26T20:37:50","modified_gmt":"2022-04-26T20:37:50","slug":"eves-delight-rosa","status":"publish","type":"product","link":"https:\/\/travexxxuras.com\/sexshop\/producto\/eves-delight-rosa\/","title":{"rendered":"Eve&#8217;s Delight &#8211; Rosa"},"content":{"rendered":"<p>Eve&#8217;s Delight es el objeto de placer perfecto.\u00a0Su tama\u00f1o y forma est\u00e1n dise\u00f1ados espec\u00edficamente para la estimulaci\u00f3n dual del cl\u00edtoris y del punto G.\u00a0Sus vibraciones de varias velocidades son silenciosas pero potentes.\u00a0Eve&#8217;s Delight est\u00e1 hecho de TPE seguro para el cuerpo de primera calidad que no contiene l\u00e1tex, ftalatos ni fragancias qu\u00edmicas.\u00a0Eso significa que su cuerpo est\u00e1 a salvo. Es suave y flexible, pero lo suficientemente firme como para que los dos puntos de vibraci\u00f3n brinden sensaciones que hacen temblar el cuerpo.\u00a0Las suaves alas de mariposa revolotean suavemente mientras la cabeza redondeada masajea el lugar correcto.\u00a0Descubre Eve&#8217;s Delight.<\/p>\n<div>Tipo de material: TPE<\/div>\n<div>Textura: Suave<\/div>\n<div>Libre de ftalato:<\/div>\n<div>Tipo de pilas: AAA<\/div>\n<div>Color rosa<\/div>\n<p>Longitud insertable: 2,75 pulgadas<\/p>\n<div>\n<div>Circunferencia:<\/p>\n<div>Largo: 6.5 pulgadas<\/p>\n<div>Ancho: 1,25 pulgadas<\/p>\n<div>Peso del producto: 2.8 onzas<\/p>\n<div>Pilas: AAA<\/p>\n<div>N\u00famero de bater\u00edas: 2<\/div>\n<\/div>\n<\/div>\n<\/div>\n<\/div>\n<\/div>\n<\/div>\n","protected":false},"excerpt":{"rendered":"<p>Eve&#8217;s Delight es el objeto de placer perfecto.\u00a0Su tama\u00f1o y forma est\u00e1n dise\u00f1ados espec\u00edficamente para la estimulaci\u00f3n dual del cl\u00edtoris y del punto G.\u00a0Sus vibraciones de varias velocidades son silenciosas pero potentes.\u00a0Eve&#8217;s Delight est\u00e1 hecho de TPE seguro para el cuerpo de primera calidad que no contiene l\u00e1tex, ftalatos ni fragancias qu\u00edmicas.<\/p>\n","protected":false},"featured_media":1349,"comment_status":"closed","ping_status":"closed","template":"","meta":[],"_links":{"self":[{"href":"https:\/\/travexxxuras.com\/sexshop\/wp-json\/wp\/v2\/product\/1348"}],"collection":[{"href":"https:\/\/travexxxuras.com\/sexshop\/wp-json\/wp\/v2\/product"}],"about":[{"href":"https:\/\/travexxxuras.com\/sexshop\/wp-json\/wp\/v2\/types\/product"}],"replies":[{"embeddable":true,"href":"https:\/\/travexxxuras.com\/sexshop\/wp-json\/wp\/v2\/comments?post=1348"}],"wp:featuredmedia":[{"embeddable":true,"href":"https:\/\/travexxxuras.com\/sexshop\/wp-json\/wp\/v2\/media\/1349"}],"wp:attachment":[{"href":"https:\/\/travexxxuras.com\/sexshop\/wp-json\/wp\/v2\/media?parent=1348"}],"curies":[{"name":"wp","href":"https:\/\/api.w.org\/{rel}","templated":true}]}}