{"id":1296,"date":"2020-09-25T01:35:16","date_gmt":"2020-09-25T01:35:16","guid":{"rendered":"https:\/\/travexxxuras.com\/sexshop\/?post_type=product&#038;p=1296"},"modified":"2020-09-25T01:35:16","modified_gmt":"2020-09-25T01:35:16","slug":"basic-8%e2%80%b3-rosa","status":"publish","type":"product","link":"https:\/\/travexxxuras.com\/sexshop\/producto\/basic-8%e2%80%b3-rosa\/","title":{"rendered":"Basic 8\u2033 &#8211; Rosa"},"content":{"rendered":"<p>El B Yours Basic 8 revolucionar\u00e1 tu mundo.\u00a0Basic 8 es un consolador realista de 9 pulgadas con una cabeza prominente.\u00a0Suave, pero firme, \u00a1se siente incluso mejor que la realidad!\u00a0La elecci\u00f3n perfecta para la primera compra de juguetes y para los que se preocupan por los costes.\u00a0Hecho de PVC sin fragancias y sin ftalatos: \u00a1este juguete es seguro para el cuerpo y f\u00e1cil de limpiar!\u00a0Simplemente l\u00e1vese con agua y jab\u00f3n tibia, o con su limpiador de juguetes favorito, antes y despu\u00e9s de cada uso.\u00a0Seque con una toalla suave antes de guardar.\u00a0Nuestros productos son probados por terceros para garantizar la seguridad del producto.\u00a0Nuestros materiales cumplen con los requisitos de seguridad internacionales.\u00a0Verifique que su producto sea genuino rascando la etiqueta del c\u00f3digo que se puede verificar en nuestro sitio web.\u00a0Si el producto no es genuino, comun\u00edquese con el vendedor y solicite un reembolso e inf\u00f3rmenos de este delito de inmediato.\u00a0Es tu cuerpo, ten en cuenta lo que le pones<\/p>\n","protected":false},"excerpt":{"rendered":"<p>El B Yours Basic 8 revolucionar\u00e1 tu mundo.\u00a0Basic 8 es un consolador realista de 9 pulgadas con una cabeza prominente.\u00a0Suave, pero firme, \u00a1se siente incluso mejor que la realidad!\u00a0La elecci\u00f3n perfecta para la primera compra de juguetes y para los que se preocupan por los costes.\u00a0Hecho de PVC sin fragancias y sin ftalatos: \u00a1este juguete es seguro para el cuerpo y f\u00e1cil de limpiar!\u00a0Simplemente l\u00e1vese con agua y jab\u00f3n tibia, o con su limpiador de juguetes favorito, antes y despu\u00e9s de cada uso.\u00a0Seque con una toalla suave antes de guardar.<\/p>\n","protected":false},"featured_media":1300,"comment_status":"closed","ping_status":"closed","template":"","meta":[],"_links":{"self":[{"href":"https:\/\/travexxxuras.com\/sexshop\/wp-json\/wp\/v2\/product\/1296"}],"collection":[{"href":"https:\/\/travexxxuras.com\/sexshop\/wp-json\/wp\/v2\/product"}],"about":[{"href":"https:\/\/travexxxuras.com\/sexshop\/wp-json\/wp\/v2\/types\/product"}],"replies":[{"embeddable":true,"href":"https:\/\/travexxxuras.com\/sexshop\/wp-json\/wp\/v2\/comments?post=1296"}],"wp:featuredmedia":[{"embeddable":true,"href":"https:\/\/travexxxuras.com\/sexshop\/wp-json\/wp\/v2\/media\/1300"}],"wp:attachment":[{"href":"https:\/\/travexxxuras.com\/sexshop\/wp-json\/wp\/v2\/media?parent=1296"}],"curies":[{"name":"wp","href":"https:\/\/api.w.org\/{rel}","templated":true}]}}