{"id":1237,"date":"2020-09-24T05:01:39","date_gmt":"2020-09-24T05:01:39","guid":{"rendered":"https:\/\/travexxxuras.com\/sexshop\/?post_type=product&#038;p=1237"},"modified":"2020-09-24T05:01:39","modified_gmt":"2020-09-24T05:01:39","slug":"loverboy-manny-the-fireman-latin","status":"publish","type":"product","link":"https:\/\/travexxxuras.com\/sexshop\/producto\/loverboy-manny-the-fireman-latin\/","title":{"rendered":"Loverboy &#8211; Manny The Fireman &#8211; Lat\u00edn"},"content":{"rendered":"<p>Manny est\u00e1 totalmente equipado para cualquier situaci\u00f3n ardiente.\u00a0Cuando las cosas se calientan, se pone m\u00e1s caliente, con texturas realistas y una base fuerte de ventosa.\u00a0Manny es firme cuando est\u00e1 erecto pero con un poco de elasticidad, por lo que se siente tan bien por dentro que nunca querr\u00e1s a nadie m\u00e1s.\u00a0Tambi\u00e9n es compatible con arn\u00e9s y funciona con cualquier equipo est\u00e1ndar.\u00a0Hecho de PVC suave sin ftalatos, este es uno de los postes en los que querr\u00e1 subirse, \u00a1r\u00e1pido!<\/p>\n<div>Tipo de material: PVC<\/div>\n<div>Textura: realista<\/div>\n<div>Libre de ftalato:<\/div>\n<div>Tipo de bater\u00edas: N \/ A<\/div>\n<div>Color: latino<\/div>\n<p>Longitud insertable: 5,5 pulgadas<\/p>\n<div>\n<div>Circunferencia:<\/p>\n<div>Largo: 7 pulgadas<\/p>\n<div>Ancho: 1,75 pulgadas<\/p>\n<div>Peso del producto: 10,4 onzas<\/p>\n<div>Bater\u00edas: N \/ A<\/p>\n<div>N\u00famero de bater\u00edas:<\/div>\n<\/div>\n<\/div>\n<\/div>\n<\/div>\n<\/div>\n<\/div>\n","protected":false},"excerpt":{"rendered":"<p>Manny est\u00e1 totalmente equipado para cualquier situaci\u00f3n ardiente.\u00a0Cuando las cosas se calientan, se pone m\u00e1s caliente, con texturas realistas y una base fuerte de ventosa.\u00a0Manny es firme cuando est\u00e1 erecto pero con un poco de elasticidad, por lo que se siente tan bien por dentro que nunca querr\u00e1s a nadie m\u00e1s.\u00a0Tambi\u00e9n es compatible con arn\u00e9s y funciona con cualquier equipo est\u00e1ndar.\u00a0Hecho de PVC suave sin ftalatos, este es uno de los postes en los que querr\u00e1 subirse, \u00a1r\u00e1pido!<\/p>\n","protected":false},"featured_media":1241,"comment_status":"closed","ping_status":"closed","template":"","meta":[],"_links":{"self":[{"href":"https:\/\/travexxxuras.com\/sexshop\/wp-json\/wp\/v2\/product\/1237"}],"collection":[{"href":"https:\/\/travexxxuras.com\/sexshop\/wp-json\/wp\/v2\/product"}],"about":[{"href":"https:\/\/travexxxuras.com\/sexshop\/wp-json\/wp\/v2\/types\/product"}],"replies":[{"embeddable":true,"href":"https:\/\/travexxxuras.com\/sexshop\/wp-json\/wp\/v2\/comments?post=1237"}],"wp:featuredmedia":[{"embeddable":true,"href":"https:\/\/travexxxuras.com\/sexshop\/wp-json\/wp\/v2\/media\/1241"}],"wp:attachment":[{"href":"https:\/\/travexxxuras.com\/sexshop\/wp-json\/wp\/v2\/media?parent=1237"}],"curies":[{"name":"wp","href":"https:\/\/api.w.org\/{rel}","templated":true}]}}