{"id":1220,"date":"2020-09-24T04:45:40","date_gmt":"2020-09-24T04:45:40","guid":{"rendered":"https:\/\/travexxxuras.com\/sexshop\/?post_type=product&#038;p=1220"},"modified":"2022-04-21T23:13:04","modified_gmt":"2022-04-21T23:13:04","slug":"loverboy-the-boy-in-blue-beige","status":"publish","type":"product","link":"https:\/\/travexxxuras.com\/sexshop\/producto\/loverboy-the-boy-in-blue-beige\/","title":{"rendered":"Loverboy &#8211; The Boy in Blue &#8211; Beige"},"content":{"rendered":"<p>Si est\u00e1 en una situaci\u00f3n dif\u00edcil, llame a The Boy in Blue.\u00a0Siempre est\u00e1 listo con su bast\u00f3n de noche y la autoridad para hacer desmayar a los civiles.\u00a0\u00a1Prep\u00e1rese para ser cacheado, esposado y llevado para un registro sin ropa y un interrogatorio completo!\u00a0El ni\u00f1o de azul tiene una curva \u00fanica que lo hace ideal para la estimulaci\u00f3n del punto G o del punto P.\u00a0Libre de ftalatos, fragancias y l\u00e1tex, es divertido y seguro.\u00a0Su ventosa lo hace f\u00e1cil de usar en cualquier escenario y es compatible con arn\u00e9s.<\/p>\n<div>Tipo de material: PVC<\/div>\n<div>Textura: realista<\/div>\n<div>Libre de ftalato:<\/div>\n<div>Tipo de bater\u00edas: N \/ A<\/div>\n<div>Color beige<\/div>\n<p>Longitud insertable: 5,5 pulgadas<\/p>\n<div>\n<div>Circunferencia:<\/p>\n<div>Largo: 6.5 pulgadas<\/p>\n<div>Ancho: 1.5 pulgadas<\/p>\n<div>Peso del producto: 9.1 onzas<\/p>\n<div>Bater\u00edas: N \/ A<\/p>\n<div>N\u00famero de bater\u00edas:<\/div>\n<\/div>\n<\/div>\n<\/div>\n<\/div>\n<\/div>\n<\/div>\n","protected":false},"excerpt":{"rendered":"<p>Si est\u00e1 en una situaci\u00f3n dif\u00edcil, llame a The Boy in Blue.\u00a0Siempre est\u00e1 listo con su bast\u00f3n de noche y la autoridad para hacer desmayar a los civiles.\u00a0\u00a1Prep\u00e1rese para ser cacheado, esposado y llevado para un registro sin ropa y un interrogatorio completo!\u00a0El ni\u00f1o de azul tiene una curva \u00fanica que lo hace ideal para la estimulaci\u00f3n del punto G o del punto P.\u00a0Libre de ftalatos, fragancias y l\u00e1tex, es divertido y seguro.\u00a0Su ventosa lo hace f\u00e1cil de usar en cualquier escenario y es compatible con arn\u00e9s.<\/p>\n","protected":false},"featured_media":1222,"comment_status":"closed","ping_status":"closed","template":"","meta":[],"_links":{"self":[{"href":"https:\/\/travexxxuras.com\/sexshop\/wp-json\/wp\/v2\/product\/1220"}],"collection":[{"href":"https:\/\/travexxxuras.com\/sexshop\/wp-json\/wp\/v2\/product"}],"about":[{"href":"https:\/\/travexxxuras.com\/sexshop\/wp-json\/wp\/v2\/types\/product"}],"replies":[{"embeddable":true,"href":"https:\/\/travexxxuras.com\/sexshop\/wp-json\/wp\/v2\/comments?post=1220"}],"wp:featuredmedia":[{"embeddable":true,"href":"https:\/\/travexxxuras.com\/sexshop\/wp-json\/wp\/v2\/media\/1222"}],"wp:attachment":[{"href":"https:\/\/travexxxuras.com\/sexshop\/wp-json\/wp\/v2\/media?parent=1220"}],"curies":[{"name":"wp","href":"https:\/\/api.w.org\/{rel}","templated":true}]}}