{"id":1143,"date":"2020-09-24T02:10:04","date_gmt":"2020-09-24T02:10:04","guid":{"rendered":"https:\/\/travexxxuras.com\/sexshop\/?post_type=product&#038;p=1143"},"modified":"2022-04-21T23:13:32","modified_gmt":"2022-04-21T23:13:32","slug":"loverboy-capitan-mike-mocha","status":"publish","type":"product","link":"https:\/\/travexxxuras.com\/sexshop\/producto\/loverboy-capitan-mike-mocha\/","title":{"rendered":"Loverboy &#8211; Capit\u00e1n Mike &#8211; Mocha"},"content":{"rendered":"<p>El capit\u00e1n Mike est\u00e1 listo para entrar en acci\u00f3n.\u00a0Claro, tiene un tama\u00f1o promedio, pero se ve y se siente tan realista.\u00a0\u00a1Echa un vistazo a su eje realista y detallado!\u00a0Armado con una impresionante ventosa compatible con arn\u00e9s, expandir\u00e1 su fantas\u00eda desde el piso de la sala hasta las paredes del ba\u00f1o.\u00a0Hecha de PVC no poroso y sin ftalatos, esta detallada herramienta realista se ocupar\u00e1 de usted.<\/p>\n<div>Tipo de material: PVC<\/div>\n<div>Textura: realista<\/div>\n<div>Libre de ftalato:<\/div>\n<div>Tipo de bater\u00edas: N \/ A<\/div>\n<div>Color: Moca<\/div>\n<p>Longitud insertable: 4.5 pulgadas<\/p>\n<div>\n<div>Circunferencia:<\/p>\n<div>Largo: 6 pulgadas<\/p>\n<div>Ancho: 1,4 pulgadas<\/p>\n<div>Peso del producto: 7.8 onzas<\/p>\n<div>Bater\u00edas: N \/ A<\/p>\n<div>N\u00famero de bater\u00edas: 0<\/div>\n<\/div>\n<\/div>\n<\/div>\n<\/div>\n<\/div>\n<\/div>\n","protected":false},"excerpt":{"rendered":"<p>El capit\u00e1n Mike est\u00e1 listo para entrar en acci\u00f3n.\u00a0Claro, tiene un tama\u00f1o promedio, pero se ve y se siente tan realista.\u00a0\u00a1Echa un vistazo a su eje realista y detallado!\u00a0Armado con una impresionante ventosa compatible con arn\u00e9s, expandir\u00e1 su fantas\u00eda desde el piso de la sala hasta las paredes del ba\u00f1o.\u00a0Hecha de PVC no poroso y sin ftalatos, esta detallada herramienta realista se ocupar\u00e1 de usted.<\/p>\n","protected":false},"featured_media":1149,"comment_status":"closed","ping_status":"closed","template":"","meta":[],"_links":{"self":[{"href":"https:\/\/travexxxuras.com\/sexshop\/wp-json\/wp\/v2\/product\/1143"}],"collection":[{"href":"https:\/\/travexxxuras.com\/sexshop\/wp-json\/wp\/v2\/product"}],"about":[{"href":"https:\/\/travexxxuras.com\/sexshop\/wp-json\/wp\/v2\/types\/product"}],"replies":[{"embeddable":true,"href":"https:\/\/travexxxuras.com\/sexshop\/wp-json\/wp\/v2\/comments?post=1143"}],"wp:featuredmedia":[{"embeddable":true,"href":"https:\/\/travexxxuras.com\/sexshop\/wp-json\/wp\/v2\/media\/1149"}],"wp:attachment":[{"href":"https:\/\/travexxxuras.com\/sexshop\/wp-json\/wp\/v2\/media?parent=1143"}],"curies":[{"name":"wp","href":"https:\/\/api.w.org\/{rel}","templated":true}]}}