{"id":1095,"date":"2020-09-23T17:17:00","date_gmt":"2020-09-23T17:17:00","guid":{"rendered":"https:\/\/travexxxuras.com\/sexshop\/?post_type=product&#038;p=1095"},"modified":"2022-01-28T20:37:57","modified_gmt":"2022-01-28T20:37:57","slug":"mini-polla-de-5-pulgadas-beige","status":"publish","type":"product","link":"https:\/\/travexxxuras.com\/sexshop\/producto\/mini-polla-de-5-pulgadas-beige\/","title":{"rendered":"Mini polla de 5 pulgadas &#8211; Beige"},"content":{"rendered":"<p>\u00a1El doctor est\u00e1 adentro!\u00a0El Dr. Skin 5 Inch Mini Cock tiene el tama\u00f1o perfecto para cualquiera a quien le guste un poco m\u00e1s peque\u00f1o.\u00a0Con un eje delgado pero una longitud promedio, el Mini Cock est\u00e1 dise\u00f1ado para una f\u00e1cil inserci\u00f3n.\u00a0Este consolador est\u00e1 esculpido a mano para que se vea y se sienta como si fuera real.\u00a0La base de la ventosa se adhiere a casi cualquier superficie lisa y plana y es compatible con arn\u00e9s.\u00a0El Dr. Skin Mini Cock est\u00e1 dise\u00f1ado para jugar solo, jugar en pareja, pegging y cualquier tipo de penetraci\u00f3n.\u00a0\u00a1Su tama\u00f1o significa que es ideal para comprar un consolador por primera vez!\u00a0Hecho de TPE seguro para el cuerpo, el Mini Cock no contiene fragancias, ftalatos, parafinas ni l\u00e1tex.<\/p>\n<div>Tipo de material: TPE<\/div>\n<div>Textura: realista<\/div>\n<div>Libre de ftalato:<\/div>\n<div>Tipo de bater\u00edas: N \/ A<\/div>\n<div>Color beige<\/div>\n<p>Longitud insertable: 5 pulgadas<\/p>\n<div>\n<div>Circunferencia:<\/p>\n<div>Largo: 5.75 pulgadas<\/p>\n<div>Ancho: 1 pulgada<\/p>\n<div>Peso del producto: 2.8 onzas<\/p>\n<div>Bater\u00edas: N \/ A<\/p>\n<div>N\u00famero de bater\u00edas:<\/div>\n<\/div>\n<\/div>\n<\/div>\n<\/div>\n<\/div>\n<\/div>\n","protected":false},"excerpt":{"rendered":"<p>\u00a1El doctor est\u00e1 adentro!\u00a0El Dr. Skin 5 Inch Mini Cock tiene el tama\u00f1o perfecto para cualquiera a quien le guste un poco m\u00e1s peque\u00f1o.\u00a0Con un eje delgado pero una longitud promedio, el Mini Cock est\u00e1 dise\u00f1ado para una f\u00e1cil inserci\u00f3n.\u00a0Este consolador est\u00e1 esculpido a mano para que se vea y se sienta como si fuera real.\u00a0La base de la ventosa se adhiere a casi cualquier superficie lisa y plana y es compatible con arn\u00e9s.<\/p>\n","protected":false},"featured_media":1096,"comment_status":"closed","ping_status":"closed","template":"","meta":[],"_links":{"self":[{"href":"https:\/\/travexxxuras.com\/sexshop\/wp-json\/wp\/v2\/product\/1095"}],"collection":[{"href":"https:\/\/travexxxuras.com\/sexshop\/wp-json\/wp\/v2\/product"}],"about":[{"href":"https:\/\/travexxxuras.com\/sexshop\/wp-json\/wp\/v2\/types\/product"}],"replies":[{"embeddable":true,"href":"https:\/\/travexxxuras.com\/sexshop\/wp-json\/wp\/v2\/comments?post=1095"}],"wp:featuredmedia":[{"embeddable":true,"href":"https:\/\/travexxxuras.com\/sexshop\/wp-json\/wp\/v2\/media\/1096"}],"wp:attachment":[{"href":"https:\/\/travexxxuras.com\/sexshop\/wp-json\/wp\/v2\/media?parent=1095"}],"curies":[{"name":"wp","href":"https:\/\/api.w.org\/{rel}","templated":true}]}}