{"id":1062,"date":"2020-09-23T06:17:48","date_gmt":"2020-09-23T06:17:48","guid":{"rendered":"https:\/\/travexxxuras.com\/sexshop\/?post_type=product&#038;p=1062"},"modified":"2022-01-28T20:36:46","modified_gmt":"2022-01-28T20:36:46","slug":"vibrating-cock-with-suction-cup-6%e2%80%b3","status":"publish","type":"product","link":"https:\/\/travexxxuras.com\/sexshop\/producto\/vibrating-cock-with-suction-cup-6%e2%80%b3\/","title":{"rendered":"Vibrating Cock with Suction Cup 6\u2033"},"content":{"rendered":"<p>\u00a1El doctor est\u00e1 adentro!\u00a0El Dr. Rob Vibrating Cock con ventosa tiene como objetivo complacer con su tacto suave y realista.\u00a0Las vibraciones de varias velocidades de este juguete son ajustables para que pueda encontrar el nivel adecuado de potencia para su cuerpo.\u00a0Con 4.5 pulgadas de largo insertable y 1.4 pulgadas de circunferencia, Dr. Rob tiene el tama\u00f1o adecuado tanto para principiantes como para usuarios experimentados de juguetes.\u00a0Solo o con un compa\u00f1ero, aproveche la base de ventosa profunda del Dr. Rob, que se adhiere a cualquier superficie lisa y plana para jugar con las manos libres, y tambi\u00e9n es compatible con arn\u00e9s.\u00a0Dr. Rob, f\u00e1cil de limpiar, est\u00e1 hecho de PVC no poroso y seguro para el cuerpo: simplemente l\u00e1velo con un jab\u00f3n suave y agua, o con su limpiador de juguetes favorito, y d\u00e9jelo secar al aire.\u00a0Vibe requiere dos pilas AA, no incluidas.<\/p>\n<div>Tipo de material: PVC<\/div>\n<div>Textura: realista<\/div>\n<div>Libre de ftalato:<\/div>\n<div>Tipo de bater\u00edas: AA<\/div>\n<div>Color: vainilla<\/div>\n<p>Longitud insertable: 4.5 pulgadas<\/p>\n<div>\n<div>\n<p>Circunferencia:<\/p>\n<div>\n<p>Largo: 6 pulgadas<\/p>\n<div>\n<p>Ancho: 1,4 pulgadas<\/p>\n<div>\n<p>Peso del producto: 9,6 onzas<\/p>\n<div>\n<p>Pilas: AA<\/p>\n<div>N\u00famero de bater\u00edas: 2<\/div>\n<\/div>\n<\/div>\n<\/div>\n<\/div>\n<\/div>\n<\/div>\n","protected":false},"excerpt":{"rendered":"<p>\u00a1El doctor est\u00e1 adentro!\u00a0El Dr. Rob Vibrating Cock con ventosa tiene como objetivo complacer con su tacto suave y realista.\u00a0Las vibraciones de varias velocidades de este juguete son ajustables para que pueda encontrar el nivel adecuado de potencia para su cuerpo.\u00a0Con 4.5 pulgadas de largo insertable y 1.4 pulgadas de circunferencia, Dr. Rob tiene el tama\u00f1o adecuado tanto para principiantes como para usuarios experimentados de juguetes.<\/p>\n","protected":false},"featured_media":1067,"comment_status":"closed","ping_status":"closed","template":"","meta":[],"_links":{"self":[{"href":"https:\/\/travexxxuras.com\/sexshop\/wp-json\/wp\/v2\/product\/1062"}],"collection":[{"href":"https:\/\/travexxxuras.com\/sexshop\/wp-json\/wp\/v2\/product"}],"about":[{"href":"https:\/\/travexxxuras.com\/sexshop\/wp-json\/wp\/v2\/types\/product"}],"replies":[{"embeddable":true,"href":"https:\/\/travexxxuras.com\/sexshop\/wp-json\/wp\/v2\/comments?post=1062"}],"wp:featuredmedia":[{"embeddable":true,"href":"https:\/\/travexxxuras.com\/sexshop\/wp-json\/wp\/v2\/media\/1067"}],"wp:attachment":[{"href":"https:\/\/travexxxuras.com\/sexshop\/wp-json\/wp\/v2\/media?parent=1062"}],"curies":[{"name":"wp","href":"https:\/\/api.w.org\/{rel}","templated":true}]}}